{"id":4351,"date":"2023-05-10T17:00:12","date_gmt":"2023-05-10T17:00:12","guid":{"rendered":"https:\/\/vetfarmas.lt\/?page_id=4351"},"modified":"2023-05-11T11:47:15","modified_gmt":"2023-05-11T08:47:15","slug":"contact","status":"publish","type":"page","link":"https:\/\/vetfarmas.lt\/?page_id=4351&lang=en","title":{"rendered":"Contact"},"content":{"rendered":"\t\t<div data-elementor-type=\"wp-page\" data-elementor-id=\"4351\" class=\"elementor elementor-4351\">\n\t\t\t\t\t\t\t\t\t<section class=\"elementor-section elementor-top-section elementor-element elementor-element-c82d8b4 elementor-section-boxed elementor-section-height-default elementor-section-height-default\" data-id=\"c82d8b4\" data-element_type=\"section\" data-settings=\"{&quot;animation&quot;:&quot;none&quot;}\">\n\t\t\t\t\t\t<div class=\"elementor-container elementor-column-gap-default\">\n\t\t\t\t\t<div class=\"elementor-column elementor-col-100 elementor-top-column elementor-element elementor-element-3ea06d9\" data-id=\"3ea06d9\" data-element_type=\"column\">\n\t\t\t<div class=\"elementor-widget-wrap elementor-element-populated\">\n\t\t\t\t\t\t\t\t<div class=\"elementor-element elementor-element-124cebc elementor-widget__width-auto elementor-absolute elementor-widget elementor-widget-image\" data-id=\"124cebc\" data-element_type=\"widget\" data-settings=\"{&quot;_position&quot;:&quot;absolute&quot;}\" data-widget_type=\"image.default\">\n\t\t\t\t<div class=\"elementor-widget-container\">\n\t\t\t<style>\/*! elementor - v3.13.3 - 28-05-2023 *\/\n.elementor-widget-image{text-align:center}.elementor-widget-image a{display:inline-block}.elementor-widget-image a img[src$=\".svg\"]{width:48px}.elementor-widget-image img{vertical-align:middle;display:inline-block}<\/style>\t\t\t\t\t\t\t\t\t\t\t\t<img loading=\"lazy\" decoding=\"async\" width=\"74\" height=\"74\" src=\"https:\/\/vetfarmas.lt\/wp-content\/uploads\/2021\/08\/Ellipse-17.png\" class=\"attachment-full size-full wp-image-803\" alt=\"\" \/>\t\t\t\t\t\t\t\t\t\t\t\t\t\t\t<\/div>\n\t\t\t\t<\/div>\n\t\t\t\t<div class=\"elementor-element elementor-element-01bc5a5 elementor-widget__width-auto elementor-absolute elementor-hidden-phone elementor-widget elementor-widget-image\" data-id=\"01bc5a5\" data-element_type=\"widget\" data-settings=\"{&quot;_position&quot;:&quot;absolute&quot;}\" data-widget_type=\"image.default\">\n\t\t\t\t<div class=\"elementor-widget-container\">\n\t\t\t\t\t\t\t\t\t\t\t\t\t\t\t<img loading=\"lazy\" decoding=\"async\" width=\"83\" height=\"83\" src=\"https:\/\/vetfarmas.lt\/wp-content\/uploads\/2021\/08\/Contact.png\" class=\"attachment-full size-full wp-image-1418\" alt=\"\" \/>\t\t\t\t\t\t\t\t\t\t\t\t\t\t\t<\/div>\n\t\t\t\t<\/div>\n\t\t\t\t<div class=\"elementor-element elementor-element-f6b5d5c elementor-widget__width-auto elementor-absolute elementor-widget elementor-widget-image\" data-id=\"f6b5d5c\" data-element_type=\"widget\" data-settings=\"{&quot;_position&quot;:&quot;absolute&quot;}\" data-widget_type=\"image.default\">\n\t\t\t\t<div class=\"elementor-widget-container\">\n\t\t\t\t\t\t\t\t\t\t\t\t\t\t\t<img loading=\"lazy\" decoding=\"async\" width=\"336\" height=\"168\" src=\"https:\/\/vetfarmas.lt\/wp-content\/uploads\/2021\/08\/Intersection-1.png\" class=\"attachment-full size-full wp-image-804\" alt=\"\" srcset=\"https:\/\/vetfarmas.lt\/wp-content\/uploads\/2021\/08\/Intersection-1.png 336w, https:\/\/vetfarmas.lt\/wp-content\/uploads\/2021\/08\/Intersection-1-300x150.png 300w\" sizes=\"auto, (max-width: 336px) 100vw, 336px\" \/>\t\t\t\t\t\t\t\t\t\t\t\t\t\t\t<\/div>\n\t\t\t\t<\/div>\n\t\t\t\t\t<\/div>\n\t\t<\/div>\n\t\t\t\t\t\t\t<\/div>\n\t\t<\/section>\n\t\t\t\t<section class=\"elementor-section elementor-top-section elementor-element elementor-element-2930054 elementor-section-height-min-height elementor-section-boxed elementor-section-height-default elementor-section-items-middle\" data-id=\"2930054\" data-element_type=\"section\" data-settings=\"{&quot;background_background&quot;:&quot;classic&quot;}\">\n\t\t\t\t\t\t<div class=\"elementor-container elementor-column-gap-default\">\n\t\t\t\t\t<div class=\"elementor-column elementor-col-100 elementor-top-column elementor-element elementor-element-c62a0b2\" data-id=\"c62a0b2\" data-element_type=\"column\">\n\t\t\t<div class=\"elementor-widget-wrap elementor-element-populated\">\n\t\t\t\t\t\t\t\t<div class=\"elementor-element elementor-element-9fb93ee elementor-widget elementor-widget-heading\" data-id=\"9fb93ee\" data-element_type=\"widget\" data-widget_type=\"heading.default\">\n\t\t\t\t<div class=\"elementor-widget-container\">\n\t\t\t<style>\/*! elementor - v3.13.3 - 28-05-2023 *\/\n.elementor-heading-title{padding:0;margin:0;line-height:1}.elementor-widget-heading .elementor-heading-title[class*=elementor-size-]>a{color:inherit;font-size:inherit;line-height:inherit}.elementor-widget-heading .elementor-heading-title.elementor-size-small{font-size:15px}.elementor-widget-heading .elementor-heading-title.elementor-size-medium{font-size:19px}.elementor-widget-heading .elementor-heading-title.elementor-size-large{font-size:29px}.elementor-widget-heading .elementor-heading-title.elementor-size-xl{font-size:39px}.elementor-widget-heading .elementor-heading-title.elementor-size-xxl{font-size:59px}<\/style><h1 class=\"elementor-heading-title elementor-size-default\">Contact Us<\/h1>\t\t<\/div>\n\t\t\t\t<\/div>\n\t\t\t\t\t<\/div>\n\t\t<\/div>\n\t\t\t\t\t\t\t<\/div>\n\t\t<\/section>\n\t\t\t\t<section class=\"elementor-section elementor-top-section elementor-element elementor-element-67898dd elementor-section-boxed elementor-section-height-default elementor-section-height-default\" data-id=\"67898dd\" data-element_type=\"section\" data-settings=\"{&quot;background_background&quot;:&quot;classic&quot;}\">\n\t\t\t\t\t\t<div class=\"elementor-container elementor-column-gap-default\">\n\t\t\t\t\t<div class=\"elementor-column elementor-col-100 elementor-top-column elementor-element elementor-element-04b95ec\" data-id=\"04b95ec\" data-element_type=\"column\">\n\t\t\t<div class=\"elementor-widget-wrap elementor-element-populated\">\n\t\t\t\t\t\t\t\t<section class=\"elementor-section elementor-inner-section elementor-element elementor-element-703b562 elementor-section-boxed elementor-section-height-default elementor-section-height-default\" data-id=\"703b562\" data-element_type=\"section\" data-settings=\"{&quot;background_background&quot;:&quot;classic&quot;,&quot;animation&quot;:&quot;none&quot;}\">\n\t\t\t\t\t\t<div class=\"elementor-container elementor-column-gap-default\">\n\t\t\t\t\t<div class=\"elementor-column elementor-col-50 elementor-inner-column elementor-element elementor-element-5bd0925\" data-id=\"5bd0925\" data-element_type=\"column\">\n\t\t\t<div class=\"elementor-widget-wrap elementor-element-populated\">\n\t\t\t\t\t\t\t\t<div class=\"elementor-element elementor-element-9314717 elementor-widget elementor-widget-text-editor\" data-id=\"9314717\" data-element_type=\"widget\" data-widget_type=\"text-editor.default\">\n\t\t\t\t<div class=\"elementor-widget-container\">\n\t\t\t<style>\/*! elementor - v3.13.3 - 28-05-2023 *\/\n.elementor-widget-text-editor.elementor-drop-cap-view-stacked .elementor-drop-cap{background-color:#69727d;color:#fff}.elementor-widget-text-editor.elementor-drop-cap-view-framed .elementor-drop-cap{color:#69727d;border:3px solid;background-color:transparent}.elementor-widget-text-editor:not(.elementor-drop-cap-view-default) .elementor-drop-cap{margin-top:8px}.elementor-widget-text-editor:not(.elementor-drop-cap-view-default) .elementor-drop-cap-letter{width:1em;height:1em}.elementor-widget-text-editor .elementor-drop-cap{float:left;text-align:center;line-height:1;font-size:50px}.elementor-widget-text-editor .elementor-drop-cap-letter{display:inline-block}<\/style>\t\t\t\tGET IN TOUCH\t\t\t\t\t\t<\/div>\n\t\t\t\t<\/div>\n\t\t\t\t<div class=\"elementor-element elementor-element-50cc533 elementor-widget elementor-widget-heading\" data-id=\"50cc533\" data-element_type=\"widget\" data-widget_type=\"heading.default\">\n\t\t\t\t<div class=\"elementor-widget-container\">\n\t\t\t<h2 class=\"elementor-heading-title elementor-size-default\">Don't Hesitate\nTo Contact Us<\/h2>\t\t<\/div>\n\t\t\t\t<\/div>\n\t\t\t\t<div class=\"elementor-element elementor-element-4a6d131 elementor-widget elementor-widget-text-editor\" data-id=\"4a6d131\" data-element_type=\"widget\" data-widget_type=\"text-editor.default\">\n\t\t\t\t<div class=\"elementor-widget-container\">\n\t\t\t\t\t\t\tCall us for immediate support to\nthis number.\t\t\t\t\t\t<\/div>\n\t\t\t\t<\/div>\n\t\t\t\t<div class=\"elementor-element elementor-element-ca46f3a elementor-icon-list--layout-traditional elementor-list-item-link-full_width elementor-widget elementor-widget-icon-list\" data-id=\"ca46f3a\" data-element_type=\"widget\" data-widget_type=\"icon-list.default\">\n\t\t\t\t<div class=\"elementor-widget-container\">\n\t\t\t<link rel=\"stylesheet\" href=\"https:\/\/vetfarmas.lt\/wp-content\/plugins\/elementor\/assets\/css\/widget-icon-list.min.css\">\t\t<ul class=\"elementor-icon-list-items\">\n\t\t\t\t\t\t\t<li class=\"elementor-icon-list-item\">\n\t\t\t\t\t\t\t\t\t\t\t<span class=\"elementor-icon-list-icon\">\n\t\t\t\t\t\t\t<svg xmlns=\"http:\/\/www.w3.org\/2000\/svg\" width=\"10.729\" height=\"14.813\" viewBox=\"0 0 10.729 14.813\"><g id=\"maps-and-flags\" transform=\"translate(-70.573)\"><g id=\"Group_85\" data-name=\"Group 85\" transform=\"translate(70.573)\"><path id=\"Path_57\" data-name=\"Path 57\" d=\"M75.937,0a5.37,5.37,0,0,0-5.364,5.364c0,3.671,4.8,9.06,5.005,9.288a.483.483,0,0,0,.719,0c.2-.228,5.005-5.617,5.005-9.288A5.371,5.371,0,0,0,75.937,0Zm0,8.063a2.7,2.7,0,1,1,2.7-2.7A2.7,2.7,0,0,1,75.937,8.063Z\" transform=\"translate(-70.573 0)\" fill=\"#ff8b3c\"><\/path><\/g><\/g><\/svg>\t\t\t\t\t\t<\/span>\n\t\t\t\t\t\t\t\t\t\t<span class=\"elementor-icon-list-text\">15th Division Street, New York, NY 12032, USA<\/span>\n\t\t\t\t\t\t\t\t\t<\/li>\n\t\t\t\t\t\t\t\t<li class=\"elementor-icon-list-item\">\n\t\t\t\t\t\t\t\t\t\t\t<span class=\"elementor-icon-list-icon\">\n\t\t\t\t\t\t\t<svg xmlns=\"http:\/\/www.w3.org\/2000\/svg\" width=\"14.812\" height=\"14.813\" viewBox=\"0 0 14.812 14.813\"><g id=\"telephone\" transform=\"translate(-0.006)\"><g id=\"Group_81\" data-name=\"Group 81\" transform=\"translate(0.006)\"><path id=\"Path_54\" data-name=\"Path 54\" d=\"M11.267,54.514a1.038,1.038,0,0,0-1.569,0c-.367.364-.734.727-1.094,1.1a.216.216,0,0,1-.3.055c-.237-.129-.49-.234-.718-.376a11.379,11.379,0,0,1-2.743-2.5,6.5,6.5,0,0,1-.983-1.575.226.226,0,0,1,.055-.29c.367-.354.724-.718,1.085-1.082a1.042,1.042,0,0,0,0-1.606c-.287-.29-.573-.573-.86-.863s-.589-.595-.888-.888a1.045,1.045,0,0,0-1.569,0c-.37.364-.724.737-1.1,1.094a1.786,1.786,0,0,0-.561,1.205,5.106,5.106,0,0,0,.395,2.2,13.355,13.355,0,0,0,2.37,3.949,14.668,14.668,0,0,0,4.858,3.8,7.026,7.026,0,0,0,2.691.783,1.972,1.972,0,0,0,1.692-.644c.314-.351.669-.672,1-1.008a1.049,1.049,0,0,0,.006-1.6Q12.152,55.391,11.267,54.514Z\" transform=\"translate(-0.006 -44.715)\" fill=\"#ff8b3c\"><\/path><path id=\"Path_55\" data-name=\"Path 55\" d=\"M241.2,100.383l1.137-.194A5.106,5.106,0,0,0,238.014,96l-.16,1.144a3.946,3.946,0,0,1,3.341,3.24Z\" transform=\"translate(-230.523 -93.041)\" fill=\"#ff8b3c\"><\/path><path id=\"Path_56\" data-name=\"Path 56\" d=\"M247.723,2.4A8.387,8.387,0,0,0,242.914,0l-.16,1.144a7.318,7.318,0,0,1,6.193,6l1.137-.194A8.448,8.448,0,0,0,247.723,2.4Z\" transform=\"translate(-235.272)\" fill=\"#ff8b3c\"><\/path><\/g><\/g><\/svg>\t\t\t\t\t\t<\/span>\n\t\t\t\t\t\t\t\t\t\t<span class=\"elementor-icon-list-text\">+01 234 567 890<\/span>\n\t\t\t\t\t\t\t\t\t<\/li>\n\t\t\t\t\t\t\t\t<li class=\"elementor-icon-list-item\">\n\t\t\t\t\t\t\t\t\t\t\t<span class=\"elementor-icon-list-icon\">\n\t\t\t\t\t\t\t<svg xmlns=\"http:\/\/www.w3.org\/2000\/svg\" width=\"15.667\" height=\"11.19\" viewBox=\"0 0 15.667 11.19\"><g id=\"email\" transform=\"translate(0 -68.267)\"><g id=\"Group_87\" data-name=\"Group 87\" transform=\"translate(0.56 68.267)\"><g id=\"Group_86\" data-name=\"Group 86\" transform=\"translate(0 0)\"><path id=\"Path_58\" data-name=\"Path 58\" d=\"M31.615,68.267H17.067l7.274,5.991L31.7,68.284A.507.507,0,0,0,31.615,68.267Z\" transform=\"translate(-17.067 -68.267)\" fill=\"#ff8b3c\"><\/path><\/g><\/g><g id=\"Group_89\" data-name=\"Group 89\" transform=\"translate(0 69.255)\"><g id=\"Group_88\" data-name=\"Group 88\" transform=\"translate(0 0)\"><path id=\"Path_59\" data-name=\"Path 59\" d=\"M8.186,104.566a.559.559,0,0,1-.709,0L0,98.406v9.643a.56.56,0,0,0,.56.56H15.107a.56.56,0,0,0,.56-.56v-9.56Z\" transform=\"translate(0 -98.406)\" fill=\"#ff8b3c\"><\/path><\/g><\/g><\/g><\/svg>\t\t\t\t\t\t<\/span>\n\t\t\t\t\t\t\t\t\t\t<span class=\"elementor-icon-list-text\">info@domain.com<\/span>\n\t\t\t\t\t\t\t\t\t<\/li>\n\t\t\t\t\t\t<\/ul>\n\t\t\t\t<\/div>\n\t\t\t\t<\/div>\n\t\t\t\t\t<\/div>\n\t\t<\/div>\n\t\t\t\t<div class=\"elementor-column elementor-col-50 elementor-inner-column elementor-element elementor-element-794fb5f\" data-id=\"794fb5f\" data-element_type=\"column\">\n\t\t\t<div class=\"elementor-widget-wrap elementor-element-populated\">\n\t\t\t\t\t\t\t\t<div class=\"elementor-element elementor-element-e07130a elementor-widget elementor-widget-meafe-cf7\" data-id=\"e07130a\" data-element_type=\"widget\" data-widget_type=\"meafe-cf7.default\">\n\t\t\t\t<div class=\"elementor-widget-container\">\n\t\t\t\n<div class=\"wpcf7 no-js\" id=\"wpcf7-f497-o1\" lang=\"en-US\" dir=\"ltr\">\n<div class=\"screen-reader-response\"><p role=\"status\" aria-live=\"polite\" aria-atomic=\"true\"><\/p> <ul><\/ul><\/div>\n<form action=\"\/index.php?rest_route=%2Fwp%2Fv2%2Fpages%2F4351#wpcf7-f497-o1\" method=\"post\" class=\"wpcf7-form init meafe-cf7-form wpcf7-acceptance-as-validation\" aria-label=\"Contact form\" novalidate=\"novalidate\" data-status=\"init\">\n<div style=\"display: none;\">\n<input type=\"hidden\" name=\"_wpcf7\" value=\"497\" \/>\n<input type=\"hidden\" name=\"_wpcf7_version\" value=\"5.7.7\" \/>\n<input type=\"hidden\" name=\"_wpcf7_locale\" value=\"en_US\" \/>\n<input type=\"hidden\" name=\"_wpcf7_unit_tag\" value=\"wpcf7-f497-o1\" \/>\n<input type=\"hidden\" name=\"_wpcf7_container_post\" value=\"0\" \/>\n<input type=\"hidden\" name=\"_wpcf7_posted_data_hash\" value=\"\" \/>\n<\/div>\n<p><label> J\u016bs\u0173 vardas<br \/>\n<span class=\"wpcf7-form-control-wrap\" data-name=\"text-733\"><input size=\"40\" class=\"wpcf7-form-control wpcf7-text wpcf7-validates-as-required\" aria-required=\"true\" aria-invalid=\"false\" placeholder=\"\u012eveskite savo vard\u0105*\" value=\"\" type=\"text\" name=\"text-733\" \/><\/span><br \/>\n<\/label>\n<\/p>\n<p><label> Telefonas<br \/>\n<span class=\"wpcf7-form-control-wrap\" data-name=\"tel-722\"><input size=\"40\" class=\"wpcf7-form-control wpcf7-text wpcf7-tel wpcf7-validates-as-required wpcf7-validates-as-tel\" aria-required=\"true\" aria-invalid=\"false\" placeholder=\"\u012eveskite savo telefono numer\u012f*\" value=\"\" type=\"tel\" name=\"tel-722\" \/><\/span><br \/>\n<\/label>\n<\/p>\n<p><label> El. pa\u0161to adresas<br \/>\n<span class=\"wpcf7-form-control-wrap\" data-name=\"email-666\"><input size=\"40\" class=\"wpcf7-form-control wpcf7-text wpcf7-email wpcf7-validates-as-required wpcf7-validates-as-email\" aria-required=\"true\" aria-invalid=\"false\" placeholder=\"\u012eveskite savo el. pa\u0161to adres\u0105*\" value=\"\" type=\"email\" name=\"email-666\" \/><\/span><br \/>\n<\/label>\n<\/p>\n<p><label> \u017dinut\u0117<br \/>\n<span class=\"wpcf7-form-control-wrap\" data-name=\"textarea-46\"><textarea cols=\"40\" rows=\"10\" class=\"wpcf7-form-control wpcf7-textarea wpcf7-validates-as-required\" aria-required=\"true\" aria-invalid=\"false\" placeholder=\"\u012eveskite savo \u017einut\u0119*\" name=\"textarea-46\"><\/textarea><\/span> <\/label>\n<\/p>\n<p><span class=\"wpcf7-form-control-wrap\" data-name=\"acceptance-731\"><span class=\"wpcf7-form-control wpcf7-acceptance\"><span class=\"wpcf7-list-item\"><label><input type=\"checkbox\" name=\"acceptance-731\" value=\"1\" aria-invalid=\"false\" \/><span class=\"wpcf7-list-item-label\">sutinku su <a href='\/privatumo-politika\/' target='_blank'>Privatumo politika<\/a><\/span><\/label><\/span><\/span><\/span>\n<\/p>\n<p><input class=\"wpcf7-form-control has-spinner wpcf7-submit\" type=\"submit\" value=\"Si\u0173sti\" \/>\n<\/p><div class=\"wpcf7-response-output\" aria-hidden=\"true\"><\/div>\n<\/form>\n<\/div>\n\t\t<\/div>\n\t\t\t\t<\/div>\n\t\t\t\t\t<\/div>\n\t\t<\/div>\n\t\t\t\t\t\t\t<\/div>\n\t\t<\/section>\n\t\t\t\t\t<\/div>\n\t\t<\/div>\n\t\t\t\t\t\t\t<\/div>\n\t\t<\/section>\n\t\t\t\t<section class=\"elementor-section elementor-top-section elementor-element elementor-element-e1ba8f6 elementor-section-full_width elementor-section-height-min-height elementor-section-height-default elementor-section-items-middle\" data-id=\"e1ba8f6\" data-element_type=\"section\" data-settings=\"{&quot;background_background&quot;:&quot;classic&quot;}\">\n\t\t\t\t\t\t<div class=\"elementor-container elementor-column-gap-default\">\n\t\t\t\t\t<div class=\"elementor-column elementor-col-100 elementor-top-column elementor-element elementor-element-84b8bff\" data-id=\"84b8bff\" data-element_type=\"column\">\n\t\t\t<div class=\"elementor-widget-wrap\">\n\t\t\t\t\t\t\t\t\t<\/div>\n\t\t<\/div>\n\t\t\t\t\t\t\t<\/div>\n\t\t<\/section>\n\t\t\t\t\t\t\t<\/div>\n\t\t","protected":false},"excerpt":{"rendered":"<p>Contact Us GET IN TOUCH Don&#8217;t Hesitate To Contact Us Call us for immediate support to this number. 15th Division Street, New York, NY 12032, USA +01 234 567 890 [&hellip;]<\/p>\n","protected":false},"author":1,"featured_media":0,"parent":0,"menu_order":0,"comment_status":"closed","ping_status":"closed","template":"elementor_header_footer","meta":{"footnotes":""},"class_list":["post-4351","page","type-page","status-publish","hentry","rishi-post","no-post-thumbnail"],"rishi__cb_customizer_meta":"","_links":{"self":[{"href":"https:\/\/vetfarmas.lt\/index.php?rest_route=\/wp\/v2\/pages\/4351","targetHints":{"allow":["GET"]}}],"collection":[{"href":"https:\/\/vetfarmas.lt\/index.php?rest_route=\/wp\/v2\/pages"}],"about":[{"href":"https:\/\/vetfarmas.lt\/index.php?rest_route=\/wp\/v2\/types\/page"}],"author":[{"embeddable":true,"href":"https:\/\/vetfarmas.lt\/index.php?rest_route=\/wp\/v2\/users\/1"}],"replies":[{"embeddable":true,"href":"https:\/\/vetfarmas.lt\/index.php?rest_route=%2Fwp%2Fv2%2Fcomments&post=4351"}],"version-history":[{"count":10,"href":"https:\/\/vetfarmas.lt\/index.php?rest_route=\/wp\/v2\/pages\/4351\/revisions"}],"predecessor-version":[{"id":4392,"href":"https:\/\/vetfarmas.lt\/index.php?rest_route=\/wp\/v2\/pages\/4351\/revisions\/4392"}],"wp:attachment":[{"href":"https:\/\/vetfarmas.lt\/index.php?rest_route=%2Fwp%2Fv2%2Fmedia&parent=4351"}],"curies":[{"name":"wp","href":"https:\/\/api.w.org\/{rel}","templated":true}]}}