{"id":4698,"date":"2023-05-15T21:41:50","date_gmt":"2023-05-15T18:41:50","guid":{"rendered":"https:\/\/vetfarmas.lt\/?page_id=4698"},"modified":"2024-05-30T15:41:20","modified_gmt":"2024-05-30T12:41:20","slug":"sausas-pasaras","status":"publish","type":"page","link":"https:\/\/vetfarmas.lt\/?page_id=4698","title":{"rendered":"Sausas pa\u0161aras"},"content":{"rendered":"\t\t<div data-elementor-type=\"wp-page\" data-elementor-id=\"4698\" class=\"elementor elementor-4698\">\n\t\t\t\t\t\t\t\t\t<section class=\"elementor-section elementor-top-section elementor-element elementor-element-1ca0fc7 elementor-section-height-min-height elementor-section-boxed elementor-section-height-default elementor-section-items-middle\" data-id=\"1ca0fc7\" data-element_type=\"section\" data-settings=\"{&quot;background_background&quot;:&quot;classic&quot;}\">\n\t\t\t\t\t\t<div class=\"elementor-container elementor-column-gap-default\">\n\t\t\t\t\t<div class=\"elementor-column elementor-col-100 elementor-top-column elementor-element elementor-element-0ec7e33\" data-id=\"0ec7e33\" data-element_type=\"column\">\n\t\t\t<div class=\"elementor-widget-wrap elementor-element-populated\">\n\t\t\t\t\t\t\t\t<div class=\"elementor-element elementor-element-aea5ec4 elementor-widget elementor-widget-heading\" data-id=\"aea5ec4\" data-element_type=\"widget\" data-widget_type=\"heading.default\">\n\t\t\t\t<div class=\"elementor-widget-container\">\n\t\t\t<style>\/*! elementor - v3.13.3 - 28-05-2023 *\/\n.elementor-heading-title{padding:0;margin:0;line-height:1}.elementor-widget-heading .elementor-heading-title[class*=elementor-size-]>a{color:inherit;font-size:inherit;line-height:inherit}.elementor-widget-heading .elementor-heading-title.elementor-size-small{font-size:15px}.elementor-widget-heading .elementor-heading-title.elementor-size-medium{font-size:19px}.elementor-widget-heading .elementor-heading-title.elementor-size-large{font-size:29px}.elementor-widget-heading .elementor-heading-title.elementor-size-xl{font-size:39px}.elementor-widget-heading .elementor-heading-title.elementor-size-xxl{font-size:59px}<\/style><h1 class=\"elementor-heading-title elementor-size-default\">Sausas pa\u0161aras ir konservai<\/h1>\t\t<\/div>\n\t\t\t\t<\/div>\n\t\t\t\t<div class=\"elementor-element elementor-element-8035510 elementor-widget__width-auto elementor-absolute elementor-hidden-mobile elementor-widget elementor-widget-image\" data-id=\"8035510\" data-element_type=\"widget\" data-settings=\"{&quot;_position&quot;:&quot;absolute&quot;}\" data-widget_type=\"image.default\">\n\t\t\t\t<div class=\"elementor-widget-container\">\n\t\t\t<style>\/*! elementor - v3.13.3 - 28-05-2023 *\/\n.elementor-widget-image{text-align:center}.elementor-widget-image a{display:inline-block}.elementor-widget-image a img[src$=\".svg\"]{width:48px}.elementor-widget-image img{vertical-align:middle;display:inline-block}<\/style>\t\t\t\t\t\t\t\t\t\t\t\t<img loading=\"lazy\" decoding=\"async\" width=\"76\" height=\"75\" src=\"https:\/\/vetfarmas.lt\/wp-content\/uploads\/2023\/06\/1s-Cz.png\" class=\"attachment-full size-full wp-image-5688\" alt=\"\" \/>\t\t\t\t\t\t\t\t\t\t\t\t\t\t\t<\/div>\n\t\t\t\t<\/div>\n\t\t\t\t<div class=\"elementor-element elementor-element-b404262 elementor-widget__width-initial elementor-absolute elementor-hidden-mobile elementor-widget elementor-widget-image\" data-id=\"b404262\" data-element_type=\"widget\" data-settings=\"{&quot;_position&quot;:&quot;absolute&quot;}\" data-widget_type=\"image.default\">\n\t\t\t\t<div class=\"elementor-widget-container\">\n\t\t\t\t\t\t\t\t\t\t\t\t\t\t\t<img loading=\"lazy\" decoding=\"async\" width=\"552\" height=\"171\" src=\"https:\/\/vetfarmas.lt\/wp-content\/uploads\/2023\/07\/05-Cme-Cm-3.png\" class=\"attachment-full size-full wp-image-5991\" alt=\"\" srcset=\"https:\/\/vetfarmas.lt\/wp-content\/uploads\/2023\/07\/05-Cme-Cm-3.png 552w, https:\/\/vetfarmas.lt\/wp-content\/uploads\/2023\/07\/05-Cme-Cm-3-300x93.png 300w, https:\/\/vetfarmas.lt\/wp-content\/uploads\/2023\/07\/05-Cme-Cm-3-200x62.png 200w\" sizes=\"auto, (max-width: 552px) 100vw, 552px\" \/>\t\t\t\t\t\t\t\t\t\t\t\t\t\t\t<\/div>\n\t\t\t\t<\/div>\n\t\t\t\t\t<\/div>\n\t\t<\/div>\n\t\t\t\t\t\t\t<\/div>\n\t\t<\/section>\n\t\t\t\t<section class=\"elementor-section elementor-top-section elementor-element elementor-element-9fe915e elementor-reverse-mobile elementor-section-boxed elementor-section-height-default elementor-section-height-default\" data-id=\"9fe915e\" data-element_type=\"section\">\n\t\t\t\t\t\t<div class=\"elementor-container elementor-column-gap-default\">\n\t\t\t\t\t<div class=\"elementor-column elementor-col-50 elementor-top-column elementor-element elementor-element-2a0aa20\" data-id=\"2a0aa20\" data-element_type=\"column\">\n\t\t\t<div class=\"elementor-widget-wrap elementor-element-populated\">\n\t\t\t\t\t\t\t\t<div class=\"elementor-element elementor-element-99b5945 elementor-widget elementor-widget-image\" data-id=\"99b5945\" data-element_type=\"widget\" data-widget_type=\"image.default\">\n\t\t\t\t<div class=\"elementor-widget-container\">\n\t\t\t\t\t\t\t\t\t\t\t\t\t\t\t<img loading=\"lazy\" decoding=\"async\" width=\"510\" height=\"383\" src=\"https:\/\/vetfarmas.lt\/wp-content\/uploads\/2023\/05\/Josera-510x383px-.png\" class=\"attachment-full size-full wp-image-5429\" alt=\"\" srcset=\"https:\/\/vetfarmas.lt\/wp-content\/uploads\/2023\/05\/Josera-510x383px-.png 510w, https:\/\/vetfarmas.lt\/wp-content\/uploads\/2023\/05\/Josera-510x383px--300x225.png 300w, https:\/\/vetfarmas.lt\/wp-content\/uploads\/2023\/05\/Josera-510x383px--200x150.png 200w\" sizes=\"auto, (max-width: 510px) 100vw, 510px\" \/>\t\t\t\t\t\t\t\t\t\t\t\t\t\t\t<\/div>\n\t\t\t\t<\/div>\n\t\t\t\t\t<\/div>\n\t\t<\/div>\n\t\t\t\t<div class=\"elementor-column elementor-col-50 elementor-top-column elementor-element elementor-element-ee2188b\" data-id=\"ee2188b\" data-element_type=\"column\">\n\t\t\t<div class=\"elementor-widget-wrap elementor-element-populated\">\n\t\t\t\t\t\t\t\t<div class=\"elementor-element elementor-element-1e2b9be elementor-widget elementor-widget-heading\" data-id=\"1e2b9be\" data-element_type=\"widget\" data-widget_type=\"heading.default\">\n\t\t\t\t<div class=\"elementor-widget-container\">\n\t\t\t<h2 class=\"elementor-heading-title elementor-size-default\">Josera<\/h2>\t\t<\/div>\n\t\t\t\t<\/div>\n\t\t\t\t<div class=\"elementor-element elementor-element-31bbd38 elementor-widget elementor-widget-text-editor\" data-id=\"31bbd38\" data-element_type=\"widget\" data-widget_type=\"text-editor.default\">\n\t\t\t\t<div class=\"elementor-widget-container\">\n\t\t\t<style>\/*! elementor - v3.13.3 - 28-05-2023 *\/\n.elementor-widget-text-editor.elementor-drop-cap-view-stacked .elementor-drop-cap{background-color:#69727d;color:#fff}.elementor-widget-text-editor.elementor-drop-cap-view-framed .elementor-drop-cap{color:#69727d;border:3px solid;background-color:transparent}.elementor-widget-text-editor:not(.elementor-drop-cap-view-default) .elementor-drop-cap{margin-top:8px}.elementor-widget-text-editor:not(.elementor-drop-cap-view-default) .elementor-drop-cap-letter{width:1em;height:1em}.elementor-widget-text-editor .elementor-drop-cap{float:left;text-align:center;line-height:1;font-size:50px}.elementor-widget-text-editor .elementor-drop-cap-letter{display:inline-block}<\/style>\t\t\t\t<p>Josera \u2013 tai aistra \u0161unims, kat\u0117ms ir arkliams, tai aistra auk\u0161\u010diausiai kokybei i\u0161 Vokietijos bei tvarumo sprendimams. Tai daugiau nei 80 met\u0173 ekspertin\u0117s patirties namini\u0173 gyv\u016bn\u0117li\u0173 pa\u0161aro gamyboje.<\/p><p>Super-premium kokyb\u0117s \u0161un\u0173, ka\u010di\u0173 ir arkli\u0173 pa\u0161aro asortimentas &#8211; puikaus skonio ir \u0117damumo bei atliepia \u012fvairiausius augintini\u0173 poreikius. Josera pa\u0161arai sukurti neatliekant joki\u0173 bandym\u0173 su gyv\u016bnais, be prid\u0117tini\u0173 da\u017eikli\u0173, kvapi\u0173j\u0173 med\u017eiag\u0173 ar konservant\u0173. 100% klimatui neutrali produkcija.<\/p>\t\t\t\t\t\t<\/div>\n\t\t\t\t<\/div>\n\t\t\t\t\t<\/div>\n\t\t<\/div>\n\t\t\t\t\t\t\t<\/div>\n\t\t<\/section>\n\t\t\t\t<section class=\"elementor-section elementor-top-section elementor-element elementor-element-dda54b6 elementor-section-boxed elementor-section-height-default elementor-section-height-default\" data-id=\"dda54b6\" data-element_type=\"section\" data-settings=\"{&quot;background_background&quot;:&quot;classic&quot;}\">\n\t\t\t\t\t\t<div class=\"elementor-container elementor-column-gap-default\">\n\t\t\t\t\t<div class=\"elementor-column elementor-col-50 elementor-top-column elementor-element elementor-element-5767d4b\" data-id=\"5767d4b\" data-element_type=\"column\">\n\t\t\t<div class=\"elementor-widget-wrap elementor-element-populated\">\n\t\t\t\t\t\t\t\t<div class=\"elementor-element elementor-element-8495753 elementor-widget elementor-widget-heading\" data-id=\"8495753\" data-element_type=\"widget\" data-widget_type=\"heading.default\">\n\t\t\t\t<div class=\"elementor-widget-container\">\n\t\t\t<h2 class=\"elementor-heading-title elementor-size-default\">Josi<\/h2>\t\t<\/div>\n\t\t\t\t<\/div>\n\t\t\t\t<div class=\"elementor-element elementor-element-d68ebb5 elementor-widget elementor-widget-text-editor\" data-id=\"d68ebb5\" data-element_type=\"widget\" data-widget_type=\"text-editor.default\">\n\t\t\t\t<div class=\"elementor-widget-container\">\n\t\t\t\t\t\t\t<p>Premium kokyb\u0117s \u0161un\u0173 ir ka\u010di\u0173 pa\u0161aras, skirtas pagrindinei mitybai gyv\u016bnams be speciali\u0173 poreiki\u0173. Platus skoni\u0173 asortimentas be prid\u0117tini\u0173 da\u017eikli\u0173, kvapi\u0173j\u0173 med\u017eiag\u0173 ar konservant\u0173 atitinka pagrindinius kiekvieno augintinio reikalavimus. 100% klimatui neutrali produkcija. Tai puikus kainos ir voki\u0161kos kokyb\u0117s santykis.<\/p>\t\t\t\t\t\t<\/div>\n\t\t\t\t<\/div>\n\t\t\t\t\t<\/div>\n\t\t<\/div>\n\t\t\t\t<div class=\"elementor-column elementor-col-50 elementor-top-column elementor-element elementor-element-33c536d\" data-id=\"33c536d\" data-element_type=\"column\">\n\t\t\t<div class=\"elementor-widget-wrap elementor-element-populated\">\n\t\t\t\t\t\t\t\t<div class=\"elementor-element elementor-element-c9937f0 elementor-widget elementor-widget-image\" data-id=\"c9937f0\" data-element_type=\"widget\" data-widget_type=\"image.default\">\n\t\t\t\t<div class=\"elementor-widget-container\">\n\t\t\t\t\t\t\t\t\t\t\t\t\t\t\t<img loading=\"lazy\" decoding=\"async\" width=\"510\" height=\"383\" src=\"https:\/\/vetfarmas.lt\/wp-content\/uploads\/2023\/06\/Josi-510x383px-.png\" class=\"attachment-full size-full wp-image-5434\" alt=\"\" srcset=\"https:\/\/vetfarmas.lt\/wp-content\/uploads\/2023\/06\/Josi-510x383px-.png 510w, https:\/\/vetfarmas.lt\/wp-content\/uploads\/2023\/06\/Josi-510x383px--300x225.png 300w, https:\/\/vetfarmas.lt\/wp-content\/uploads\/2023\/06\/Josi-510x383px--200x150.png 200w\" sizes=\"auto, (max-width: 510px) 100vw, 510px\" \/>\t\t\t\t\t\t\t\t\t\t\t\t\t\t\t<\/div>\n\t\t\t\t<\/div>\n\t\t\t\t\t<\/div>\n\t\t<\/div>\n\t\t\t\t\t\t\t<\/div>\n\t\t<\/section>\n\t\t\t\t<section class=\"elementor-section elementor-top-section elementor-element elementor-element-6df7999 elementor-reverse-mobile elementor-section-boxed elementor-section-height-default elementor-section-height-default\" data-id=\"6df7999\" data-element_type=\"section\">\n\t\t\t\t\t\t<div class=\"elementor-container elementor-column-gap-default\">\n\t\t\t\t\t<div class=\"elementor-column elementor-col-50 elementor-top-column elementor-element elementor-element-0efd68a\" data-id=\"0efd68a\" data-element_type=\"column\">\n\t\t\t<div class=\"elementor-widget-wrap elementor-element-populated\">\n\t\t\t\t\t\t\t\t<div class=\"elementor-element elementor-element-da4f087 elementor-widget elementor-widget-image\" data-id=\"da4f087\" data-element_type=\"widget\" data-widget_type=\"image.default\">\n\t\t\t\t<div class=\"elementor-widget-container\">\n\t\t\t\t\t\t\t\t\t\t\t\t\t\t\t<img loading=\"lazy\" decoding=\"async\" width=\"510\" height=\"383\" src=\"https:\/\/vetfarmas.lt\/wp-content\/uploads\/2023\/06\/Exclusion-510x383px.png\" class=\"attachment-full size-full wp-image-5445\" alt=\"\" srcset=\"https:\/\/vetfarmas.lt\/wp-content\/uploads\/2023\/06\/Exclusion-510x383px.png 510w, https:\/\/vetfarmas.lt\/wp-content\/uploads\/2023\/06\/Exclusion-510x383px-300x225.png 300w, https:\/\/vetfarmas.lt\/wp-content\/uploads\/2023\/06\/Exclusion-510x383px-200x150.png 200w\" sizes=\"auto, (max-width: 510px) 100vw, 510px\" \/>\t\t\t\t\t\t\t\t\t\t\t\t\t\t\t<\/div>\n\t\t\t\t<\/div>\n\t\t\t\t\t<\/div>\n\t\t<\/div>\n\t\t\t\t<div class=\"elementor-column elementor-col-50 elementor-top-column elementor-element elementor-element-403e10c\" data-id=\"403e10c\" data-element_type=\"column\">\n\t\t\t<div class=\"elementor-widget-wrap elementor-element-populated\">\n\t\t\t\t\t\t\t\t<div class=\"elementor-element elementor-element-a92a913 elementor-widget elementor-widget-heading\" data-id=\"a92a913\" data-element_type=\"widget\" data-widget_type=\"heading.default\">\n\t\t\t\t<div class=\"elementor-widget-container\">\n\t\t\t<h2 class=\"elementor-heading-title elementor-size-default\">Exclusion<\/h2>\t\t<\/div>\n\t\t\t\t<\/div>\n\t\t\t\t<div class=\"elementor-element elementor-element-b10df83 elementor-widget elementor-widget-text-editor\" data-id=\"b10df83\" data-element_type=\"widget\" data-widget_type=\"text-editor.default\">\n\t\t\t\t<div class=\"elementor-widget-container\">\n\t\t\t\t\t\t\t<p>Itali\u0161kas super-premium vieno baltymo pa\u0161aras \u0161unims ir kat\u0117ms padeda suma\u017einti maisto netoleravimo rizik\u0105, tuo pa\u010diu metu apribodamas per daug baltym\u0173 \u0161altini\u0173 poveik\u012f. Asortimente &#8211; paprasti receptai, idealiai tinkantys m\u016bs\u0173 augintini\u0173 gerovei ir lengvai suprantami visiems. Naudojami auk\u0161tos mitybin\u0117s vert\u0117s dehidratuoti gyvulin\u0117s kilm\u0117s ingredientai ir tik nat\u016bral\u016bs konservantai.<\/p>\t\t\t\t\t\t<\/div>\n\t\t\t\t<\/div>\n\t\t\t\t\t<\/div>\n\t\t<\/div>\n\t\t\t\t\t\t\t<\/div>\n\t\t<\/section>\n\t\t\t\t<section class=\"elementor-section elementor-top-section elementor-element elementor-element-46986c5 elementor-section-boxed elementor-section-height-default elementor-section-height-default\" data-id=\"46986c5\" data-element_type=\"section\" data-settings=\"{&quot;background_background&quot;:&quot;classic&quot;}\">\n\t\t\t\t\t\t<div class=\"elementor-container elementor-column-gap-default\">\n\t\t\t\t\t<div class=\"elementor-column elementor-col-50 elementor-top-column elementor-element elementor-element-1b33293\" data-id=\"1b33293\" data-element_type=\"column\">\n\t\t\t<div class=\"elementor-widget-wrap elementor-element-populated\">\n\t\t\t\t\t\t\t\t<div class=\"elementor-element elementor-element-69e4318 elementor-widget elementor-widget-heading\" data-id=\"69e4318\" data-element_type=\"widget\" data-widget_type=\"heading.default\">\n\t\t\t\t<div class=\"elementor-widget-container\">\n\t\t\t<h2 class=\"elementor-heading-title elementor-size-default\">Bavaro<\/h2>\t\t<\/div>\n\t\t\t\t<\/div>\n\t\t\t\t<div class=\"elementor-element elementor-element-a92ba65 elementor-widget elementor-widget-text-editor\" data-id=\"a92ba65\" data-element_type=\"widget\" data-widget_type=\"text-editor.default\">\n\t\t\t\t<div class=\"elementor-widget-container\">\n\t\t\t\t\t\t\t<p>Kokybi\u0161kas voki\u0161kas pa\u0161aras \u0161unims, pagamintas i\u0161 kruop\u0161\u010diai atrinkt\u0173 ingredient\u0173, be sojos, cukraus, konservant\u0173, geneti\u0161kai modifikuot\u0173 sudedam\u0173j\u0173 dali\u0173, dirbtini\u0173 skoni\u0173 ar da\u017eikli\u0173. Tai puikus pa\u0161aras \u0161unims be joki\u0173 speciali\u0173 poreiki\u0173.<\/p>\t\t\t\t\t\t<\/div>\n\t\t\t\t<\/div>\n\t\t\t\t\t<\/div>\n\t\t<\/div>\n\t\t\t\t<div class=\"elementor-column elementor-col-50 elementor-top-column elementor-element elementor-element-f81ef54\" data-id=\"f81ef54\" data-element_type=\"column\">\n\t\t\t<div class=\"elementor-widget-wrap elementor-element-populated\">\n\t\t\t\t\t\t\t\t<div class=\"elementor-element elementor-element-2ff9c60 elementor-widget elementor-widget-image\" data-id=\"2ff9c60\" data-element_type=\"widget\" data-widget_type=\"image.default\">\n\t\t\t\t<div class=\"elementor-widget-container\">\n\t\t\t\t\t\t\t\t\t\t\t\t\t\t\t<img loading=\"lazy\" decoding=\"async\" width=\"510\" height=\"383\" src=\"https:\/\/vetfarmas.lt\/wp-content\/uploads\/2023\/06\/Bavaro-510x383px.png\" class=\"attachment-full size-full wp-image-5452\" alt=\"\" srcset=\"https:\/\/vetfarmas.lt\/wp-content\/uploads\/2023\/06\/Bavaro-510x383px.png 510w, https:\/\/vetfarmas.lt\/wp-content\/uploads\/2023\/06\/Bavaro-510x383px-300x225.png 300w, https:\/\/vetfarmas.lt\/wp-content\/uploads\/2023\/06\/Bavaro-510x383px-200x150.png 200w\" sizes=\"auto, (max-width: 510px) 100vw, 510px\" \/>\t\t\t\t\t\t\t\t\t\t\t\t\t\t\t<\/div>\n\t\t\t\t<\/div>\n\t\t\t\t\t<\/div>\n\t\t<\/div>\n\t\t\t\t\t\t\t<\/div>\n\t\t<\/section>\n\t\t\t\t<section class=\"elementor-section elementor-top-section elementor-element elementor-element-b9ac1e9 elementor-reverse-mobile elementor-section-boxed elementor-section-height-default elementor-section-height-default\" data-id=\"b9ac1e9\" data-element_type=\"section\">\n\t\t\t\t\t\t<div class=\"elementor-container elementor-column-gap-default\">\n\t\t\t\t\t<div class=\"elementor-column elementor-col-50 elementor-top-column elementor-element elementor-element-6627c60\" data-id=\"6627c60\" data-element_type=\"column\">\n\t\t\t<div class=\"elementor-widget-wrap elementor-element-populated\">\n\t\t\t\t\t\t\t\t<div class=\"elementor-element elementor-element-10bd7cc elementor-widget elementor-widget-image\" data-id=\"10bd7cc\" data-element_type=\"widget\" data-widget_type=\"image.default\">\n\t\t\t\t<div class=\"elementor-widget-container\">\n\t\t\t\t\t\t\t\t\t\t\t\t\t\t\t<img loading=\"lazy\" decoding=\"async\" width=\"510\" height=\"383\" src=\"https:\/\/vetfarmas.lt\/wp-content\/uploads\/2023\/06\/Rio-510x383px.png\" class=\"attachment-full size-full wp-image-5460\" alt=\"\" srcset=\"https:\/\/vetfarmas.lt\/wp-content\/uploads\/2023\/06\/Rio-510x383px.png 510w, https:\/\/vetfarmas.lt\/wp-content\/uploads\/2023\/06\/Rio-510x383px-300x225.png 300w, https:\/\/vetfarmas.lt\/wp-content\/uploads\/2023\/06\/Rio-510x383px-200x150.png 200w\" sizes=\"auto, (max-width: 510px) 100vw, 510px\" \/>\t\t\t\t\t\t\t\t\t\t\t\t\t\t\t<\/div>\n\t\t\t\t<\/div>\n\t\t\t\t\t<\/div>\n\t\t<\/div>\n\t\t\t\t<div class=\"elementor-column elementor-col-50 elementor-top-column elementor-element elementor-element-a6b98b1\" data-id=\"a6b98b1\" data-element_type=\"column\">\n\t\t\t<div class=\"elementor-widget-wrap elementor-element-populated\">\n\t\t\t\t\t\t\t\t<div class=\"elementor-element elementor-element-f60e62d elementor-widget elementor-widget-heading\" data-id=\"f60e62d\" data-element_type=\"widget\" data-widget_type=\"heading.default\">\n\t\t\t\t<div class=\"elementor-widget-container\">\n\t\t\t<h2 class=\"elementor-heading-title elementor-size-default\">RIO<\/h2>\t\t<\/div>\n\t\t\t\t<\/div>\n\t\t\t\t<div class=\"elementor-element elementor-element-bb0fd05 elementor-widget elementor-widget-text-editor\" data-id=\"bb0fd05\" data-element_type=\"widget\" data-widget_type=\"text-editor.default\">\n\t\t\t\t<div class=\"elementor-widget-container\">\n\t\t\t\t\t\t\t<p>RIO misija \u2013 d\u017eiuginti linksmo plunksnuoto augintinio ir jo \u0161eimininko namus. I\u0161 viso pasaulio atrenkami geriausi gr\u016bdai ir s\u0117klos, vaisiai, rie\u0161utai, dar\u017eov\u0117s daugyb\u0117 kit\u0173 ingredient\u0173 tam, kad pagaminti tik auk\u0161\u010diausios kokyb\u0117s produktus pauk\u0161\u010diams. Asortimente &#8211; \u012fvair\u016bs lesalai, specialios dietos, unikal\u016bs skan\u0117stai ir papildai.<\/p>\t\t\t\t\t\t<\/div>\n\t\t\t\t<\/div>\n\t\t\t\t\t<\/div>\n\t\t<\/div>\n\t\t\t\t\t\t\t<\/div>\n\t\t<\/section>\n\t\t\t\t<section class=\"elementor-section elementor-top-section elementor-element elementor-element-a3c0c5d elementor-section-boxed elementor-section-height-default elementor-section-height-default\" data-id=\"a3c0c5d\" data-element_type=\"section\" data-settings=\"{&quot;background_background&quot;:&quot;classic&quot;}\">\n\t\t\t\t\t\t<div class=\"elementor-container elementor-column-gap-default\">\n\t\t\t\t\t<div class=\"elementor-column elementor-col-50 elementor-top-column elementor-element elementor-element-3a603bf\" data-id=\"3a603bf\" data-element_type=\"column\">\n\t\t\t<div class=\"elementor-widget-wrap elementor-element-populated\">\n\t\t\t\t\t\t\t\t<div class=\"elementor-element elementor-element-885e088 elementor-widget elementor-widget-heading\" data-id=\"885e088\" data-element_type=\"widget\" data-widget_type=\"heading.default\">\n\t\t\t\t<div class=\"elementor-widget-container\">\n\t\t\t<h2 class=\"elementor-heading-title elementor-size-default\">Little One<\/h2>\t\t<\/div>\n\t\t\t\t<\/div>\n\t\t\t\t<div class=\"elementor-element elementor-element-4d6ffd8 elementor-widget elementor-widget-text-editor\" data-id=\"4d6ffd8\" data-element_type=\"widget\" data-widget_type=\"text-editor.default\">\n\t\t\t\t<div class=\"elementor-widget-container\">\n\t\t\t\t\t\t\t<p>Ilgamet\u0117s patirties d\u0117ka sukurti populiar\u016bs produktai grau\u017eikams, kurie suteikia augintiniams ne tik visk\u0105, ko reikia gerai sveikatai palaikyti, bet ir skatina j\u0173 miel\u0105 asmenyb\u0119, \u017eaisming\u0105 charakter\u012f ir nor\u0105 tyrin\u0117ti juos supant\u012f pasaul\u012f.<\/p>\t\t\t\t\t\t<\/div>\n\t\t\t\t<\/div>\n\t\t\t\t\t<\/div>\n\t\t<\/div>\n\t\t\t\t<div class=\"elementor-column elementor-col-50 elementor-top-column elementor-element elementor-element-89c3e60\" data-id=\"89c3e60\" data-element_type=\"column\">\n\t\t\t<div class=\"elementor-widget-wrap elementor-element-populated\">\n\t\t\t\t\t\t\t\t<div class=\"elementor-element elementor-element-07260b5 elementor-widget elementor-widget-image\" data-id=\"07260b5\" data-element_type=\"widget\" data-widget_type=\"image.default\">\n\t\t\t\t<div class=\"elementor-widget-container\">\n\t\t\t\t\t\t\t\t\t\t\t\t\t\t\t<img loading=\"lazy\" decoding=\"async\" width=\"510\" height=\"383\" src=\"https:\/\/vetfarmas.lt\/wp-content\/uploads\/2023\/06\/LittleOne-510x383px.png\" class=\"attachment-full size-full wp-image-5472\" alt=\"\" srcset=\"https:\/\/vetfarmas.lt\/wp-content\/uploads\/2023\/06\/LittleOne-510x383px.png 510w, https:\/\/vetfarmas.lt\/wp-content\/uploads\/2023\/06\/LittleOne-510x383px-300x225.png 300w, https:\/\/vetfarmas.lt\/wp-content\/uploads\/2023\/06\/LittleOne-510x383px-200x150.png 200w\" sizes=\"auto, (max-width: 510px) 100vw, 510px\" \/>\t\t\t\t\t\t\t\t\t\t\t\t\t\t\t<\/div>\n\t\t\t\t<\/div>\n\t\t\t\t\t<\/div>\n\t\t<\/div>\n\t\t\t\t\t\t\t<\/div>\n\t\t<\/section>\n\t\t\t\t\t\t\t<\/div>\n\t\t","protected":false},"excerpt":{"rendered":"<p>Sausas pa\u0161aras ir konservai Josera Josera \u2013 tai aistra \u0161unims, kat\u0117ms ir arkliams, tai aistra auk\u0161\u010diausiai kokybei i\u0161 Vokietijos bei tvarumo sprendimams. Tai daugiau nei 80 met\u0173 ekspertin\u0117s patirties namini\u0173 [&hellip;]<\/p>\n","protected":false},"author":1,"featured_media":0,"parent":0,"menu_order":0,"comment_status":"closed","ping_status":"closed","template":"elementor_header_footer","meta":{"footnotes":""},"class_list":["post-4698","page","type-page","status-publish","hentry","rishi-post","no-post-thumbnail"],"rishi__cb_customizer_meta":"","_links":{"self":[{"href":"https:\/\/vetfarmas.lt\/index.php?rest_route=\/wp\/v2\/pages\/4698","targetHints":{"allow":["GET"]}}],"collection":[{"href":"https:\/\/vetfarmas.lt\/index.php?rest_route=\/wp\/v2\/pages"}],"about":[{"href":"https:\/\/vetfarmas.lt\/index.php?rest_route=\/wp\/v2\/types\/page"}],"author":[{"embeddable":true,"href":"https:\/\/vetfarmas.lt\/index.php?rest_route=\/wp\/v2\/users\/1"}],"replies":[{"embeddable":true,"href":"https:\/\/vetfarmas.lt\/index.php?rest_route=%2Fwp%2Fv2%2Fcomments&post=4698"}],"version-history":[{"count":85,"href":"https:\/\/vetfarmas.lt\/index.php?rest_route=\/wp\/v2\/pages\/4698\/revisions"}],"predecessor-version":[{"id":6370,"href":"https:\/\/vetfarmas.lt\/index.php?rest_route=\/wp\/v2\/pages\/4698\/revisions\/6370"}],"wp:attachment":[{"href":"https:\/\/vetfarmas.lt\/index.php?rest_route=%2Fwp%2Fv2%2Fmedia&parent=4698"}],"curies":[{"name":"wp","href":"https:\/\/api.w.org\/{rel}","templated":true}]}}