{"id":4719,"date":"2023-05-15T21:54:11","date_gmt":"2023-05-15T18:54:11","guid":{"rendered":"https:\/\/vetfarmas.lt\/?page_id=4719"},"modified":"2023-07-02T12:10:26","modified_gmt":"2023-07-02T09:10:26","slug":"aksesuarai","status":"publish","type":"page","link":"https:\/\/vetfarmas.lt\/?page_id=4719","title":{"rendered":"Aksesuarai augintiniams ir \u017eaislai"},"content":{"rendered":"\t\t<div data-elementor-type=\"wp-page\" data-elementor-id=\"4719\" class=\"elementor elementor-4719\">\n\t\t\t\t\t\t\t\t\t<section class=\"elementor-section elementor-top-section elementor-element elementor-element-bab6dcd elementor-section-height-min-height elementor-section-boxed elementor-section-height-default elementor-section-items-middle\" data-id=\"bab6dcd\" data-element_type=\"section\" data-settings=\"{&quot;background_background&quot;:&quot;classic&quot;}\">\n\t\t\t\t\t\t<div class=\"elementor-container elementor-column-gap-default\">\n\t\t\t\t\t<div class=\"elementor-column elementor-col-100 elementor-top-column elementor-element elementor-element-c7159e6\" data-id=\"c7159e6\" data-element_type=\"column\">\n\t\t\t<div class=\"elementor-widget-wrap elementor-element-populated\">\n\t\t\t\t\t\t\t\t<div class=\"elementor-element elementor-element-10fbbbb elementor-widget elementor-widget-heading\" data-id=\"10fbbbb\" data-element_type=\"widget\" data-widget_type=\"heading.default\">\n\t\t\t\t<div class=\"elementor-widget-container\">\n\t\t\t<style>\/*! elementor - v3.13.3 - 28-05-2023 *\/\n.elementor-heading-title{padding:0;margin:0;line-height:1}.elementor-widget-heading .elementor-heading-title[class*=elementor-size-]>a{color:inherit;font-size:inherit;line-height:inherit}.elementor-widget-heading .elementor-heading-title.elementor-size-small{font-size:15px}.elementor-widget-heading .elementor-heading-title.elementor-size-medium{font-size:19px}.elementor-widget-heading .elementor-heading-title.elementor-size-large{font-size:29px}.elementor-widget-heading .elementor-heading-title.elementor-size-xl{font-size:39px}.elementor-widget-heading .elementor-heading-title.elementor-size-xxl{font-size:59px}<\/style><h1 class=\"elementor-heading-title elementor-size-default\">Aksesuarai augintiniams ir \u017eaislai<\/h1>\t\t<\/div>\n\t\t\t\t<\/div>\n\t\t\t\t<div class=\"elementor-element elementor-element-75b568e elementor-widget__width-auto elementor-absolute elementor-hidden-mobile elementor-widget elementor-widget-image\" data-id=\"75b568e\" data-element_type=\"widget\" data-settings=\"{&quot;_position&quot;:&quot;absolute&quot;}\" data-widget_type=\"image.default\">\n\t\t\t\t<div class=\"elementor-widget-container\">\n\t\t\t<style>\/*! elementor - v3.13.3 - 28-05-2023 *\/\n.elementor-widget-image{text-align:center}.elementor-widget-image a{display:inline-block}.elementor-widget-image a img[src$=\".svg\"]{width:48px}.elementor-widget-image img{vertical-align:middle;display:inline-block}<\/style>\t\t\t\t\t\t\t\t\t\t\t\t<img loading=\"lazy\" decoding=\"async\" width=\"76\" height=\"75\" src=\"https:\/\/vetfarmas.lt\/wp-content\/uploads\/2023\/06\/1s-Cz.png\" class=\"attachment-full size-full wp-image-5688\" alt=\"\" \/>\t\t\t\t\t\t\t\t\t\t\t\t\t\t\t<\/div>\n\t\t\t\t<\/div>\n\t\t\t\t<div class=\"elementor-element elementor-element-9f8679f elementor-widget__width-initial elementor-absolute elementor-hidden-mobile elementor-widget elementor-widget-image\" data-id=\"9f8679f\" data-element_type=\"widget\" data-settings=\"{&quot;_position&quot;:&quot;absolute&quot;}\" data-widget_type=\"image.default\">\n\t\t\t\t<div class=\"elementor-widget-container\">\n\t\t\t\t\t\t\t\t\t\t\t\t\t\t\t<img loading=\"lazy\" decoding=\"async\" width=\"552\" height=\"171\" src=\"https:\/\/vetfarmas.lt\/wp-content\/uploads\/2023\/07\/05-Cme-Cm-3.png\" class=\"attachment-full size-full wp-image-5991\" alt=\"\" srcset=\"https:\/\/vetfarmas.lt\/wp-content\/uploads\/2023\/07\/05-Cme-Cm-3.png 552w, https:\/\/vetfarmas.lt\/wp-content\/uploads\/2023\/07\/05-Cme-Cm-3-300x93.png 300w, https:\/\/vetfarmas.lt\/wp-content\/uploads\/2023\/07\/05-Cme-Cm-3-200x62.png 200w\" sizes=\"auto, (max-width: 552px) 100vw, 552px\" \/>\t\t\t\t\t\t\t\t\t\t\t\t\t\t\t<\/div>\n\t\t\t\t<\/div>\n\t\t\t\t\t<\/div>\n\t\t<\/div>\n\t\t\t\t\t\t\t<\/div>\n\t\t<\/section>\n\t\t\t\t<section class=\"elementor-section elementor-top-section elementor-element elementor-element-9fe915e elementor-reverse-mobile elementor-section-boxed elementor-section-height-default elementor-section-height-default\" data-id=\"9fe915e\" data-element_type=\"section\" data-settings=\"{&quot;background_background&quot;:&quot;classic&quot;}\">\n\t\t\t\t\t\t<div class=\"elementor-container elementor-column-gap-default\">\n\t\t\t\t\t<div class=\"elementor-column elementor-col-50 elementor-top-column elementor-element elementor-element-2a0aa20\" data-id=\"2a0aa20\" data-element_type=\"column\">\n\t\t\t<div class=\"elementor-widget-wrap elementor-element-populated\">\n\t\t\t\t\t\t\t\t<div class=\"elementor-element elementor-element-99b5945 elementor-widget elementor-widget-image\" data-id=\"99b5945\" data-element_type=\"widget\" data-widget_type=\"image.default\">\n\t\t\t\t<div class=\"elementor-widget-container\">\n\t\t\t\t\t\t\t\t\t\t\t\t\t\t\t<img loading=\"lazy\" decoding=\"async\" width=\"510\" height=\"383\" src=\"https:\/\/vetfarmas.lt\/wp-content\/uploads\/2023\/06\/Comfy-510x383px.jpg\" class=\"attachment-full size-full wp-image-5503\" alt=\"\" srcset=\"https:\/\/vetfarmas.lt\/wp-content\/uploads\/2023\/06\/Comfy-510x383px.jpg 510w, https:\/\/vetfarmas.lt\/wp-content\/uploads\/2023\/06\/Comfy-510x383px-300x225.jpg 300w, https:\/\/vetfarmas.lt\/wp-content\/uploads\/2023\/06\/Comfy-510x383px-200x150.jpg 200w\" sizes=\"auto, (max-width: 510px) 100vw, 510px\" \/>\t\t\t\t\t\t\t\t\t\t\t\t\t\t\t<\/div>\n\t\t\t\t<\/div>\n\t\t\t\t\t<\/div>\n\t\t<\/div>\n\t\t\t\t<div class=\"elementor-column elementor-col-50 elementor-top-column elementor-element elementor-element-ee2188b\" data-id=\"ee2188b\" data-element_type=\"column\">\n\t\t\t<div class=\"elementor-widget-wrap elementor-element-populated\">\n\t\t\t\t\t\t\t\t<div class=\"elementor-element elementor-element-1e2b9be elementor-widget elementor-widget-heading\" data-id=\"1e2b9be\" data-element_type=\"widget\" data-widget_type=\"heading.default\">\n\t\t\t\t<div class=\"elementor-widget-container\">\n\t\t\t<h2 class=\"elementor-heading-title elementor-size-default\">Comfy<\/h2>\t\t<\/div>\n\t\t\t\t<\/div>\n\t\t\t\t<div class=\"elementor-element elementor-element-31bbd38 elementor-widget elementor-widget-text-editor\" data-id=\"31bbd38\" data-element_type=\"widget\" data-widget_type=\"text-editor.default\">\n\t\t\t\t<div class=\"elementor-widget-container\">\n\t\t\t<style>\/*! elementor - v3.13.3 - 28-05-2023 *\/\n.elementor-widget-text-editor.elementor-drop-cap-view-stacked .elementor-drop-cap{background-color:#69727d;color:#fff}.elementor-widget-text-editor.elementor-drop-cap-view-framed .elementor-drop-cap{color:#69727d;border:3px solid;background-color:transparent}.elementor-widget-text-editor:not(.elementor-drop-cap-view-default) .elementor-drop-cap{margin-top:8px}.elementor-widget-text-editor:not(.elementor-drop-cap-view-default) .elementor-drop-cap-letter{width:1em;height:1em}.elementor-widget-text-editor .elementor-drop-cap{float:left;text-align:center;line-height:1;font-size:50px}.elementor-widget-text-editor .elementor-drop-cap-letter{display:inline-block}<\/style>\t\t\t\t<p class=\"MsoNormal\"><span style=\"background-color: var(--background-color); color: var(--primarycolor); font-family: var(--fontFamily); font-size: var(--fontSize); font-style: var(--fontStyle,inherit); font-weight: var(--fontWeight,normal); letter-spacing: var(--letterSpacing); text-transform: var(--textTransform);\"><strong>Comfy<\/strong> prek\u0117s \u017eenklo produktai \u0161unims ir kat\u0117ms, taip pat pauk\u0161\u010diams, grau\u017eikams ir triu\u0161iams gaminami<strong> Aquael<\/strong> gamykloje. Produktai atitinka veterinarijos ir gyv\u016bn\u0173 gerov\u0117s reikalavimus bei dera su pasaulyje vyraujan\u010diomis tendencijomis. Laikantis grie\u017et\u0173 standart\u0173 u\u017etikrinama, kad i\u0161leistos naujov\u0117s maksimaliai patenkint\u0173 visus net reikliausio kliento poreikius, tad pasirink\u0119 <strong>Comfy<\/strong> galite b\u016bti tikri, kad suteiksite gyv\u016bnui komfort\u0105, saugum\u0105 ir daug smagiai praleisto laiko su augintiniu.<\/span><\/p>\t\t\t\t\t\t<\/div>\n\t\t\t\t<\/div>\n\t\t\t\t\t<\/div>\n\t\t<\/div>\n\t\t\t\t\t\t\t<\/div>\n\t\t<\/section>\n\t\t\t\t<section class=\"elementor-section elementor-top-section elementor-element elementor-element-c7a164a elementor-section-boxed elementor-section-height-default elementor-section-height-default\" data-id=\"c7a164a\" data-element_type=\"section\">\n\t\t\t\t\t\t<div class=\"elementor-container elementor-column-gap-default\">\n\t\t\t\t\t<div class=\"elementor-column elementor-col-100 elementor-top-column elementor-element elementor-element-dc429a3\" data-id=\"dc429a3\" data-element_type=\"column\">\n\t\t\t<div class=\"elementor-widget-wrap elementor-element-populated\">\n\t\t\t\t\t\t\t\t<div class=\"elementor-element elementor-element-7bf3a54 elementor-widget elementor-widget-spacer\" data-id=\"7bf3a54\" data-element_type=\"widget\" data-widget_type=\"spacer.default\">\n\t\t\t\t<div class=\"elementor-widget-container\">\n\t\t\t<style>\/*! elementor - v3.13.3 - 28-05-2023 *\/\n.elementor-column .elementor-spacer-inner{height:var(--spacer-size)}.e-con{--container-widget-width:100%}.e-con-inner>.elementor-widget-spacer,.e-con>.elementor-widget-spacer{width:var(--container-widget-width,var(--spacer-size));--align-self:var(--container-widget-align-self,initial);--flex-shrink:0}.e-con-inner>.elementor-widget-spacer>.elementor-widget-container,.e-con-inner>.elementor-widget-spacer>.elementor-widget-container>.elementor-spacer,.e-con>.elementor-widget-spacer>.elementor-widget-container,.e-con>.elementor-widget-spacer>.elementor-widget-container>.elementor-spacer{height:100%}.e-con-inner>.elementor-widget-spacer>.elementor-widget-container>.elementor-spacer>.elementor-spacer-inner,.e-con>.elementor-widget-spacer>.elementor-widget-container>.elementor-spacer>.elementor-spacer-inner{height:var(--container-widget-height,var(--spacer-size))}<\/style>\t\t<div class=\"elementor-spacer\">\n\t\t\t<div class=\"elementor-spacer-inner\"><\/div>\n\t\t<\/div>\n\t\t\t\t<\/div>\n\t\t\t\t<\/div>\n\t\t\t\t\t<\/div>\n\t\t<\/div>\n\t\t\t\t\t\t\t<\/div>\n\t\t<\/section>\n\t\t\t\t\t\t\t<\/div>\n\t\t","protected":false},"excerpt":{"rendered":"<p>Aksesuarai augintiniams ir \u017eaislai Comfy Comfy prek\u0117s \u017eenklo produktai \u0161unims ir kat\u0117ms, taip pat pauk\u0161\u010diams, grau\u017eikams ir triu\u0161iams gaminami Aquael gamykloje. Produktai atitinka veterinarijos ir gyv\u016bn\u0173 gerov\u0117s reikalavimus bei dera [&hellip;]<\/p>\n","protected":false},"author":1,"featured_media":0,"parent":0,"menu_order":0,"comment_status":"closed","ping_status":"closed","template":"elementor_header_footer","meta":{"footnotes":""},"class_list":["post-4719","page","type-page","status-publish","hentry","rishi-post","no-post-thumbnail"],"rishi__cb_customizer_meta":"","_links":{"self":[{"href":"https:\/\/vetfarmas.lt\/index.php?rest_route=\/wp\/v2\/pages\/4719","targetHints":{"allow":["GET"]}}],"collection":[{"href":"https:\/\/vetfarmas.lt\/index.php?rest_route=\/wp\/v2\/pages"}],"about":[{"href":"https:\/\/vetfarmas.lt\/index.php?rest_route=\/wp\/v2\/types\/page"}],"author":[{"embeddable":true,"href":"https:\/\/vetfarmas.lt\/index.php?rest_route=\/wp\/v2\/users\/1"}],"replies":[{"embeddable":true,"href":"https:\/\/vetfarmas.lt\/index.php?rest_route=%2Fwp%2Fv2%2Fcomments&post=4719"}],"version-history":[{"count":46,"href":"https:\/\/vetfarmas.lt\/index.php?rest_route=\/wp\/v2\/pages\/4719\/revisions"}],"predecessor-version":[{"id":6055,"href":"https:\/\/vetfarmas.lt\/index.php?rest_route=\/wp\/v2\/pages\/4719\/revisions\/6055"}],"wp:attachment":[{"href":"https:\/\/vetfarmas.lt\/index.php?rest_route=%2Fwp%2Fv2%2Fmedia&parent=4719"}],"curies":[{"name":"wp","href":"https:\/\/api.w.org\/{rel}","templated":true}]}}