{"id":4721,"date":"2023-05-15T21:54:52","date_gmt":"2023-05-15T18:54:52","guid":{"rendered":"https:\/\/vetfarmas.lt\/?page_id=4721"},"modified":"2023-07-02T12:01:31","modified_gmt":"2023-07-02T09:01:31","slug":"prieziuros-prekes","status":"publish","type":"page","link":"https:\/\/vetfarmas.lt\/?page_id=4721","title":{"rendered":"Prie\u017ei\u016bros prek\u0117s"},"content":{"rendered":"\t\t<div data-elementor-type=\"wp-page\" data-elementor-id=\"4721\" class=\"elementor elementor-4721\">\n\t\t\t\t\t\t\t\t\t<section class=\"elementor-section elementor-top-section elementor-element elementor-element-34e8372 elementor-section-height-min-height elementor-section-boxed elementor-section-height-default elementor-section-items-middle\" data-id=\"34e8372\" data-element_type=\"section\" data-settings=\"{&quot;background_background&quot;:&quot;classic&quot;}\">\n\t\t\t\t\t\t<div class=\"elementor-container elementor-column-gap-default\">\n\t\t\t\t\t<div class=\"elementor-column elementor-col-100 elementor-top-column elementor-element elementor-element-1c3782c\" data-id=\"1c3782c\" data-element_type=\"column\">\n\t\t\t<div class=\"elementor-widget-wrap elementor-element-populated\">\n\t\t\t\t\t\t\t\t<div class=\"elementor-element elementor-element-583a414 elementor-widget elementor-widget-heading\" data-id=\"583a414\" data-element_type=\"widget\" data-widget_type=\"heading.default\">\n\t\t\t\t<div class=\"elementor-widget-container\">\n\t\t\t<style>\/*! elementor - v3.13.3 - 28-05-2023 *\/\n.elementor-heading-title{padding:0;margin:0;line-height:1}.elementor-widget-heading .elementor-heading-title[class*=elementor-size-]>a{color:inherit;font-size:inherit;line-height:inherit}.elementor-widget-heading .elementor-heading-title.elementor-size-small{font-size:15px}.elementor-widget-heading .elementor-heading-title.elementor-size-medium{font-size:19px}.elementor-widget-heading .elementor-heading-title.elementor-size-large{font-size:29px}.elementor-widget-heading .elementor-heading-title.elementor-size-xl{font-size:39px}.elementor-widget-heading .elementor-heading-title.elementor-size-xxl{font-size:59px}<\/style><h1 class=\"elementor-heading-title elementor-size-default\">Prie\u017ei\u016bros prek\u0117s<\/h1>\t\t<\/div>\n\t\t\t\t<\/div>\n\t\t\t\t<div class=\"elementor-element elementor-element-95f67d8 elementor-widget__width-auto elementor-absolute elementor-hidden-mobile elementor-widget elementor-widget-image\" data-id=\"95f67d8\" data-element_type=\"widget\" data-settings=\"{&quot;_position&quot;:&quot;absolute&quot;}\" data-widget_type=\"image.default\">\n\t\t\t\t<div class=\"elementor-widget-container\">\n\t\t\t<style>\/*! elementor - v3.13.3 - 28-05-2023 *\/\n.elementor-widget-image{text-align:center}.elementor-widget-image a{display:inline-block}.elementor-widget-image a img[src$=\".svg\"]{width:48px}.elementor-widget-image img{vertical-align:middle;display:inline-block}<\/style>\t\t\t\t\t\t\t\t\t\t\t\t<img loading=\"lazy\" decoding=\"async\" width=\"76\" height=\"75\" src=\"https:\/\/vetfarmas.lt\/wp-content\/uploads\/2023\/06\/1s-Cz.png\" class=\"attachment-full size-full wp-image-5688\" alt=\"\" \/>\t\t\t\t\t\t\t\t\t\t\t\t\t\t\t<\/div>\n\t\t\t\t<\/div>\n\t\t\t\t<div class=\"elementor-element elementor-element-da0f4b9 elementor-widget__width-initial elementor-absolute elementor-hidden-mobile elementor-widget elementor-widget-image\" data-id=\"da0f4b9\" data-element_type=\"widget\" data-settings=\"{&quot;_position&quot;:&quot;absolute&quot;}\" data-widget_type=\"image.default\">\n\t\t\t\t<div class=\"elementor-widget-container\">\n\t\t\t\t\t\t\t\t\t\t\t\t\t\t\t<img loading=\"lazy\" decoding=\"async\" width=\"552\" height=\"171\" src=\"https:\/\/vetfarmas.lt\/wp-content\/uploads\/2023\/07\/05-Cme-Cm-3.png\" class=\"attachment-full size-full wp-image-5991\" alt=\"\" srcset=\"https:\/\/vetfarmas.lt\/wp-content\/uploads\/2023\/07\/05-Cme-Cm-3.png 552w, https:\/\/vetfarmas.lt\/wp-content\/uploads\/2023\/07\/05-Cme-Cm-3-300x93.png 300w, https:\/\/vetfarmas.lt\/wp-content\/uploads\/2023\/07\/05-Cme-Cm-3-200x62.png 200w\" sizes=\"auto, (max-width: 552px) 100vw, 552px\" \/>\t\t\t\t\t\t\t\t\t\t\t\t\t\t\t<\/div>\n\t\t\t\t<\/div>\n\t\t\t\t\t<\/div>\n\t\t<\/div>\n\t\t\t\t\t\t\t<\/div>\n\t\t<\/section>\n\t\t\t\t<section class=\"elementor-section elementor-top-section elementor-element elementor-element-9fe915e elementor-reverse-mobile elementor-section-boxed elementor-section-height-default elementor-section-height-default\" data-id=\"9fe915e\" data-element_type=\"section\">\n\t\t\t\t\t\t<div class=\"elementor-container elementor-column-gap-default\">\n\t\t\t\t\t<div class=\"elementor-column elementor-col-50 elementor-top-column elementor-element elementor-element-2a0aa20\" data-id=\"2a0aa20\" data-element_type=\"column\">\n\t\t\t<div class=\"elementor-widget-wrap elementor-element-populated\">\n\t\t\t\t\t\t\t\t<div class=\"elementor-element elementor-element-99b5945 elementor-widget elementor-widget-image\" data-id=\"99b5945\" data-element_type=\"widget\" data-widget_type=\"image.default\">\n\t\t\t\t<div class=\"elementor-widget-container\">\n\t\t\t\t\t\t\t\t\t\t\t\t\t\t\t<img loading=\"lazy\" decoding=\"async\" width=\"510\" height=\"383\" src=\"https:\/\/vetfarmas.lt\/wp-content\/uploads\/2023\/05\/Furminator-510x383px.png\" class=\"attachment-full size-full wp-image-4946\" alt=\"\" srcset=\"https:\/\/vetfarmas.lt\/wp-content\/uploads\/2023\/05\/Furminator-510x383px.png 510w, https:\/\/vetfarmas.lt\/wp-content\/uploads\/2023\/05\/Furminator-510x383px-300x225.png 300w, https:\/\/vetfarmas.lt\/wp-content\/uploads\/2023\/05\/Furminator-510x383px-200x150.png 200w\" sizes=\"auto, (max-width: 510px) 100vw, 510px\" \/>\t\t\t\t\t\t\t\t\t\t\t\t\t\t\t<\/div>\n\t\t\t\t<\/div>\n\t\t\t\t\t<\/div>\n\t\t<\/div>\n\t\t\t\t<div class=\"elementor-column elementor-col-50 elementor-top-column elementor-element elementor-element-ee2188b\" data-id=\"ee2188b\" data-element_type=\"column\">\n\t\t\t<div class=\"elementor-widget-wrap elementor-element-populated\">\n\t\t\t\t\t\t\t\t<div class=\"elementor-element elementor-element-1e2b9be elementor-widget elementor-widget-heading\" data-id=\"1e2b9be\" data-element_type=\"widget\" data-widget_type=\"heading.default\">\n\t\t\t\t<div class=\"elementor-widget-container\">\n\t\t\t<h2 class=\"elementor-heading-title elementor-size-default\">FURminator<\/h2>\t\t<\/div>\n\t\t\t\t<\/div>\n\t\t\t\t<div class=\"elementor-element elementor-element-31bbd38 elementor-widget elementor-widget-text-editor\" data-id=\"31bbd38\" data-element_type=\"widget\" data-widget_type=\"text-editor.default\">\n\t\t\t\t<div class=\"elementor-widget-container\">\n\t\t\t<style>\/*! elementor - v3.13.3 - 28-05-2023 *\/\n.elementor-widget-text-editor.elementor-drop-cap-view-stacked .elementor-drop-cap{background-color:#69727d;color:#fff}.elementor-widget-text-editor.elementor-drop-cap-view-framed .elementor-drop-cap{color:#69727d;border:3px solid;background-color:transparent}.elementor-widget-text-editor:not(.elementor-drop-cap-view-default) .elementor-drop-cap{margin-top:8px}.elementor-widget-text-editor:not(.elementor-drop-cap-view-default) .elementor-drop-cap-letter{width:1em;height:1em}.elementor-widget-text-editor .elementor-drop-cap{float:left;text-align:center;line-height:1;font-size:50px}.elementor-widget-text-editor .elementor-drop-cap-letter{display:inline-block}<\/style>\t\t\t\t<p>FURminator prek\u0117s \u017eenklas ne vien\u0105 de\u0161imtmet\u012f kelia augintini\u0173 prie\u017ei\u016bros kartel\u0119 kurdamas ir gamindamas novatori\u0161kus patentuotus kailio prie\u017ei\u016bros produktus. FURminator deShedding \u0161ukos, plauk\u0173 prie\u017ei\u016bros priemon\u0117s, maudymo ir higienos priemoni\u0173 asortimentas praple\u010dia ir pagerina namini\u0173 gyv\u016bn\u0117li\u0173 \u0161eiminink\u0173 ir j\u0173 augintini\u0173 patirt\u012f.<\/p>\t\t\t\t\t\t<\/div>\n\t\t\t\t<\/div>\n\t\t\t\t\t<\/div>\n\t\t<\/div>\n\t\t\t\t\t\t\t<\/div>\n\t\t<\/section>\n\t\t\t\t<section class=\"elementor-section elementor-top-section elementor-element elementor-element-dda54b6 elementor-section-boxed elementor-section-height-default elementor-section-height-default\" data-id=\"dda54b6\" data-element_type=\"section\" data-settings=\"{&quot;background_background&quot;:&quot;classic&quot;}\">\n\t\t\t\t\t\t<div class=\"elementor-container elementor-column-gap-default\">\n\t\t\t\t\t<div class=\"elementor-column elementor-col-50 elementor-top-column elementor-element elementor-element-5767d4b\" data-id=\"5767d4b\" data-element_type=\"column\">\n\t\t\t<div class=\"elementor-widget-wrap elementor-element-populated\">\n\t\t\t\t\t\t\t\t<div class=\"elementor-element elementor-element-8495753 elementor-widget elementor-widget-heading\" data-id=\"8495753\" data-element_type=\"widget\" data-widget_type=\"heading.default\">\n\t\t\t\t<div class=\"elementor-widget-container\">\n\t\t\t<h2 class=\"elementor-heading-title elementor-size-default\">8in1<\/h2>\t\t<\/div>\n\t\t\t\t<\/div>\n\t\t\t\t<div class=\"elementor-element elementor-element-d68ebb5 elementor-widget elementor-widget-text-editor\" data-id=\"d68ebb5\" data-element_type=\"widget\" data-widget_type=\"text-editor.default\">\n\t\t\t\t<div class=\"elementor-widget-container\">\n\t\t\t\t\t\t\t<p>8in1 \u2013 tai patikimas prek\u0117s \u017eenklas, kuris patenkina augintini\u0173 ir j\u0173 \u0161eiminink\u0173 poreikius visame pasaulyje. \u0160is prek\u0117s \u017eenklas vis\u0105 savo d\u0117mes\u012f skirta augintini\u0173 gerovei. 8in1 filosofija remiasi \u0161\u016bkiu \u201eKadangi tu juos myli&#8230;\u201c, skirta augintini\u0173 \u0161eimininkams, kurie myli savo augintinius ir nori b\u016bti tikri, kad j\u0173 augintiniai yra laimingi ir sveiki.<\/p>\t\t\t\t\t\t<\/div>\n\t\t\t\t<\/div>\n\t\t\t\t\t<\/div>\n\t\t<\/div>\n\t\t\t\t<div class=\"elementor-column elementor-col-50 elementor-top-column elementor-element elementor-element-33c536d\" data-id=\"33c536d\" data-element_type=\"column\">\n\t\t\t<div class=\"elementor-widget-wrap elementor-element-populated\">\n\t\t\t\t\t\t\t\t<div class=\"elementor-element elementor-element-c9937f0 elementor-widget elementor-widget-image\" data-id=\"c9937f0\" data-element_type=\"widget\" data-widget_type=\"image.default\">\n\t\t\t\t<div class=\"elementor-widget-container\">\n\t\t\t\t\t\t\t\t\t\t\t\t\t\t\t<img loading=\"lazy\" decoding=\"async\" width=\"510\" height=\"383\" src=\"https:\/\/vetfarmas.lt\/wp-content\/uploads\/2023\/05\/8in1-510x383px-2.png\" class=\"attachment-full size-full wp-image-4965\" alt=\"\" srcset=\"https:\/\/vetfarmas.lt\/wp-content\/uploads\/2023\/05\/8in1-510x383px-2.png 510w, https:\/\/vetfarmas.lt\/wp-content\/uploads\/2023\/05\/8in1-510x383px-2-300x225.png 300w, https:\/\/vetfarmas.lt\/wp-content\/uploads\/2023\/05\/8in1-510x383px-2-200x150.png 200w\" sizes=\"auto, (max-width: 510px) 100vw, 510px\" \/>\t\t\t\t\t\t\t\t\t\t\t\t\t\t\t<\/div>\n\t\t\t\t<\/div>\n\t\t\t\t\t<\/div>\n\t\t<\/div>\n\t\t\t\t\t\t\t<\/div>\n\t\t<\/section>\n\t\t\t\t<section class=\"elementor-section elementor-top-section elementor-element elementor-element-c7a164a elementor-section-boxed elementor-section-height-default elementor-section-height-default\" data-id=\"c7a164a\" data-element_type=\"section\">\n\t\t\t\t\t\t<div class=\"elementor-container elementor-column-gap-default\">\n\t\t\t\t\t<div class=\"elementor-column elementor-col-100 elementor-top-column elementor-element elementor-element-dc429a3\" data-id=\"dc429a3\" data-element_type=\"column\">\n\t\t\t<div class=\"elementor-widget-wrap elementor-element-populated\">\n\t\t\t\t\t\t\t\t<div class=\"elementor-element elementor-element-7bf3a54 elementor-widget elementor-widget-spacer\" data-id=\"7bf3a54\" data-element_type=\"widget\" data-widget_type=\"spacer.default\">\n\t\t\t\t<div class=\"elementor-widget-container\">\n\t\t\t<style>\/*! elementor - v3.13.3 - 28-05-2023 *\/\n.elementor-column .elementor-spacer-inner{height:var(--spacer-size)}.e-con{--container-widget-width:100%}.e-con-inner>.elementor-widget-spacer,.e-con>.elementor-widget-spacer{width:var(--container-widget-width,var(--spacer-size));--align-self:var(--container-widget-align-self,initial);--flex-shrink:0}.e-con-inner>.elementor-widget-spacer>.elementor-widget-container,.e-con-inner>.elementor-widget-spacer>.elementor-widget-container>.elementor-spacer,.e-con>.elementor-widget-spacer>.elementor-widget-container,.e-con>.elementor-widget-spacer>.elementor-widget-container>.elementor-spacer{height:100%}.e-con-inner>.elementor-widget-spacer>.elementor-widget-container>.elementor-spacer>.elementor-spacer-inner,.e-con>.elementor-widget-spacer>.elementor-widget-container>.elementor-spacer>.elementor-spacer-inner{height:var(--container-widget-height,var(--spacer-size))}<\/style>\t\t<div class=\"elementor-spacer\">\n\t\t\t<div class=\"elementor-spacer-inner\"><\/div>\n\t\t<\/div>\n\t\t\t\t<\/div>\n\t\t\t\t<\/div>\n\t\t\t\t\t<\/div>\n\t\t<\/div>\n\t\t\t\t\t\t\t<\/div>\n\t\t<\/section>\n\t\t\t\t\t\t\t<\/div>\n\t\t","protected":false},"excerpt":{"rendered":"<p>Prie\u017ei\u016bros prek\u0117s FURminator FURminator prek\u0117s \u017eenklas ne vien\u0105 de\u0161imtmet\u012f kelia augintini\u0173 prie\u017ei\u016bros kartel\u0119 kurdamas ir gamindamas novatori\u0161kus patentuotus kailio prie\u017ei\u016bros produktus. FURminator deShedding \u0161ukos, plauk\u0173 prie\u017ei\u016bros priemon\u0117s, maudymo ir higienos [&hellip;]<\/p>\n","protected":false},"author":1,"featured_media":0,"parent":0,"menu_order":0,"comment_status":"closed","ping_status":"closed","template":"elementor_header_footer","meta":{"footnotes":""},"class_list":["post-4721","page","type-page","status-publish","hentry","rishi-post","no-post-thumbnail"],"rishi__cb_customizer_meta":"","_links":{"self":[{"href":"https:\/\/vetfarmas.lt\/index.php?rest_route=\/wp\/v2\/pages\/4721","targetHints":{"allow":["GET"]}}],"collection":[{"href":"https:\/\/vetfarmas.lt\/index.php?rest_route=\/wp\/v2\/pages"}],"about":[{"href":"https:\/\/vetfarmas.lt\/index.php?rest_route=\/wp\/v2\/types\/page"}],"author":[{"embeddable":true,"href":"https:\/\/vetfarmas.lt\/index.php?rest_route=\/wp\/v2\/users\/1"}],"replies":[{"embeddable":true,"href":"https:\/\/vetfarmas.lt\/index.php?rest_route=%2Fwp%2Fv2%2Fcomments&post=4721"}],"version-history":[{"count":43,"href":"https:\/\/vetfarmas.lt\/index.php?rest_route=\/wp\/v2\/pages\/4721\/revisions"}],"predecessor-version":[{"id":6037,"href":"https:\/\/vetfarmas.lt\/index.php?rest_route=\/wp\/v2\/pages\/4721\/revisions\/6037"}],"wp:attachment":[{"href":"https:\/\/vetfarmas.lt\/index.php?rest_route=%2Fwp%2Fv2%2Fmedia&parent=4721"}],"curies":[{"name":"wp","href":"https:\/\/api.w.org\/{rel}","templated":true}]}}