{"id":928,"date":"2021-08-20T12:38:51","date_gmt":"2021-08-20T09:38:51","guid":{"rendered":"https:\/\/vetfarmas.lt\/?page_id=928"},"modified":"2023-07-02T12:00:23","modified_gmt":"2023-07-02T09:00:23","slug":"vet-vaistai","status":"publish","type":"page","link":"https:\/\/vetfarmas.lt\/?page_id=928","title":{"rendered":"Veterinarijos vaistai"},"content":{"rendered":"\t\t<div data-elementor-type=\"wp-page\" data-elementor-id=\"928\" class=\"elementor elementor-928\">\n\t\t\t\t\t\t\t\t\t<section class=\"elementor-section elementor-top-section elementor-element elementor-element-e693d84 elementor-section-height-min-height elementor-section-boxed elementor-section-height-default elementor-section-items-middle\" data-id=\"e693d84\" data-element_type=\"section\" data-settings=\"{&quot;background_background&quot;:&quot;classic&quot;}\">\n\t\t\t\t\t\t<div class=\"elementor-container elementor-column-gap-default\">\n\t\t\t\t\t<div class=\"elementor-column elementor-col-100 elementor-top-column elementor-element elementor-element-a1d7e31\" data-id=\"a1d7e31\" data-element_type=\"column\">\n\t\t\t<div class=\"elementor-widget-wrap elementor-element-populated\">\n\t\t\t\t\t\t\t\t<div class=\"elementor-element elementor-element-59786aa elementor-widget elementor-widget-heading\" data-id=\"59786aa\" data-element_type=\"widget\" data-widget_type=\"heading.default\">\n\t\t\t\t<div class=\"elementor-widget-container\">\n\t\t\t<style>\/*! elementor - v3.13.3 - 28-05-2023 *\/\n.elementor-heading-title{padding:0;margin:0;line-height:1}.elementor-widget-heading .elementor-heading-title[class*=elementor-size-]>a{color:inherit;font-size:inherit;line-height:inherit}.elementor-widget-heading .elementor-heading-title.elementor-size-small{font-size:15px}.elementor-widget-heading .elementor-heading-title.elementor-size-medium{font-size:19px}.elementor-widget-heading .elementor-heading-title.elementor-size-large{font-size:29px}.elementor-widget-heading .elementor-heading-title.elementor-size-xl{font-size:39px}.elementor-widget-heading .elementor-heading-title.elementor-size-xxl{font-size:59px}<\/style><h1 class=\"elementor-heading-title elementor-size-default\">Veterinarijos vaistai<\/h1>\t\t<\/div>\n\t\t\t\t<\/div>\n\t\t\t\t<div class=\"elementor-element elementor-element-8aeebeb elementor-widget__width-auto elementor-absolute elementor-hidden-mobile elementor-widget elementor-widget-image\" data-id=\"8aeebeb\" data-element_type=\"widget\" data-settings=\"{&quot;_position&quot;:&quot;absolute&quot;}\" data-widget_type=\"image.default\">\n\t\t\t\t<div class=\"elementor-widget-container\">\n\t\t\t<style>\/*! elementor - v3.13.3 - 28-05-2023 *\/\n.elementor-widget-image{text-align:center}.elementor-widget-image a{display:inline-block}.elementor-widget-image a img[src$=\".svg\"]{width:48px}.elementor-widget-image img{vertical-align:middle;display:inline-block}<\/style>\t\t\t\t\t\t\t\t\t\t\t\t<img loading=\"lazy\" decoding=\"async\" width=\"76\" height=\"75\" src=\"https:\/\/vetfarmas.lt\/wp-content\/uploads\/2023\/06\/1s-Cz.png\" class=\"attachment-full size-full wp-image-5688\" alt=\"\" \/>\t\t\t\t\t\t\t\t\t\t\t\t\t\t\t<\/div>\n\t\t\t\t<\/div>\n\t\t\t\t<div class=\"elementor-element elementor-element-e560c4b elementor-widget__width-initial elementor-absolute elementor-hidden-mobile elementor-widget elementor-widget-image\" data-id=\"e560c4b\" data-element_type=\"widget\" data-settings=\"{&quot;_position&quot;:&quot;absolute&quot;}\" data-widget_type=\"image.default\">\n\t\t\t\t<div class=\"elementor-widget-container\">\n\t\t\t\t\t\t\t\t\t\t\t\t\t\t\t<img loading=\"lazy\" decoding=\"async\" width=\"552\" height=\"171\" src=\"https:\/\/vetfarmas.lt\/wp-content\/uploads\/2023\/07\/05-Cme-Cm-3.png\" class=\"attachment-full size-full wp-image-5991\" alt=\"\" srcset=\"https:\/\/vetfarmas.lt\/wp-content\/uploads\/2023\/07\/05-Cme-Cm-3.png 552w, https:\/\/vetfarmas.lt\/wp-content\/uploads\/2023\/07\/05-Cme-Cm-3-300x93.png 300w, https:\/\/vetfarmas.lt\/wp-content\/uploads\/2023\/07\/05-Cme-Cm-3-200x62.png 200w\" sizes=\"auto, (max-width: 552px) 100vw, 552px\" \/>\t\t\t\t\t\t\t\t\t\t\t\t\t\t\t<\/div>\n\t\t\t\t<\/div>\n\t\t\t\t\t<\/div>\n\t\t<\/div>\n\t\t\t\t\t\t\t<\/div>\n\t\t<\/section>\n\t\t\t\t<section class=\"elementor-section elementor-top-section elementor-element elementor-element-9fe915e elementor-reverse-mobile elementor-section-boxed elementor-section-height-default elementor-section-height-default\" data-id=\"9fe915e\" data-element_type=\"section\">\n\t\t\t\t\t\t<div class=\"elementor-container elementor-column-gap-default\">\n\t\t\t\t\t<div class=\"elementor-column elementor-col-50 elementor-top-column elementor-element elementor-element-2a0aa20\" data-id=\"2a0aa20\" data-element_type=\"column\">\n\t\t\t<div class=\"elementor-widget-wrap elementor-element-populated\">\n\t\t\t\t\t\t\t\t<div class=\"elementor-element elementor-element-99b5945 elementor-widget elementor-widget-image\" data-id=\"99b5945\" data-element_type=\"widget\" data-widget_type=\"image.default\">\n\t\t\t\t<div class=\"elementor-widget-container\">\n\t\t\t\t\t\t\t\t\t\t\t\t\t\t\t<img loading=\"lazy\" decoding=\"async\" width=\"510\" height=\"383\" src=\"https:\/\/vetfarmas.lt\/wp-content\/uploads\/2023\/05\/Krka-510x383px-2.png\" class=\"attachment-full size-full wp-image-4972\" alt=\"\" srcset=\"https:\/\/vetfarmas.lt\/wp-content\/uploads\/2023\/05\/Krka-510x383px-2.png 510w, https:\/\/vetfarmas.lt\/wp-content\/uploads\/2023\/05\/Krka-510x383px-2-300x225.png 300w, https:\/\/vetfarmas.lt\/wp-content\/uploads\/2023\/05\/Krka-510x383px-2-200x150.png 200w\" sizes=\"auto, (max-width: 510px) 100vw, 510px\" \/>\t\t\t\t\t\t\t\t\t\t\t\t\t\t\t<\/div>\n\t\t\t\t<\/div>\n\t\t\t\t\t<\/div>\n\t\t<\/div>\n\t\t\t\t<div class=\"elementor-column elementor-col-50 elementor-top-column elementor-element elementor-element-ee2188b\" data-id=\"ee2188b\" data-element_type=\"column\">\n\t\t\t<div class=\"elementor-widget-wrap elementor-element-populated\">\n\t\t\t\t\t\t\t\t<div class=\"elementor-element elementor-element-1e2b9be elementor-widget elementor-widget-heading\" data-id=\"1e2b9be\" data-element_type=\"widget\" data-widget_type=\"heading.default\">\n\t\t\t\t<div class=\"elementor-widget-container\">\n\t\t\t<h2 class=\"elementor-heading-title elementor-size-default\"><span style=\"mso-fareast-language:LT\">Krka<\/span><\/h2>\t\t<\/div>\n\t\t\t\t<\/div>\n\t\t\t\t<div class=\"elementor-element elementor-element-31bbd38 elementor-widget elementor-widget-text-editor\" data-id=\"31bbd38\" data-element_type=\"widget\" data-widget_type=\"text-editor.default\">\n\t\t\t\t<div class=\"elementor-widget-container\">\n\t\t\t<style>\/*! elementor - v3.13.3 - 28-05-2023 *\/\n.elementor-widget-text-editor.elementor-drop-cap-view-stacked .elementor-drop-cap{background-color:#69727d;color:#fff}.elementor-widget-text-editor.elementor-drop-cap-view-framed .elementor-drop-cap{color:#69727d;border:3px solid;background-color:transparent}.elementor-widget-text-editor:not(.elementor-drop-cap-view-default) .elementor-drop-cap{margin-top:8px}.elementor-widget-text-editor:not(.elementor-drop-cap-view-default) .elementor-drop-cap-letter{width:1em;height:1em}.elementor-widget-text-editor .elementor-drop-cap{float:left;text-align:center;line-height:1;font-size:50px}.elementor-widget-text-editor .elementor-drop-cap-letter{display:inline-block}<\/style>\t\t\t\t<p align=\"left\">Farmacijos kompanija Krka Lietuvoje pristato plat\u0173 veterinarini\u0173 produkt\u0173 asortiment\u0105.\u00a0Krka yra viena i\u0161 lyderiaujan\u010di\u0173 generini\u0173 kompanij\u0173 pasaulyje, jau 60 met\u0173 tiekianti auk\u0161tos kokyb\u0117s, saugius ir efektyvius generinius vaistus. Visi Krka produktai pagaminti laikantis grie\u017e\u010diausi\u0173 \u0161alies ir tarptautini\u0173 standart\u0173, vadybos standart\u0173 ir aplinkosaugos vadybos reikalavim\u0173.<\/p><p align=\"left\">Kokyb\u0117, saugumas ir efektyvumas \u2013 tai pagrindiniai prioritetai, kuriais vadovaujasi Krka.<\/p>\t\t\t\t\t\t<\/div>\n\t\t\t\t<\/div>\n\t\t\t\t\t<\/div>\n\t\t<\/div>\n\t\t\t\t\t\t\t<\/div>\n\t\t<\/section>\n\t\t\t\t<section class=\"elementor-section elementor-top-section elementor-element elementor-element-dda54b6 elementor-section-boxed elementor-section-height-default elementor-section-height-default\" data-id=\"dda54b6\" data-element_type=\"section\" data-settings=\"{&quot;background_background&quot;:&quot;classic&quot;}\">\n\t\t\t\t\t\t<div class=\"elementor-container elementor-column-gap-default\">\n\t\t\t\t\t<div class=\"elementor-column elementor-col-50 elementor-top-column elementor-element elementor-element-5767d4b\" data-id=\"5767d4b\" data-element_type=\"column\">\n\t\t\t<div class=\"elementor-widget-wrap elementor-element-populated\">\n\t\t\t\t\t\t\t\t<div class=\"elementor-element elementor-element-8495753 elementor-widget elementor-widget-heading\" data-id=\"8495753\" data-element_type=\"widget\" data-widget_type=\"heading.default\">\n\t\t\t\t<div class=\"elementor-widget-container\">\n\t\t\t<h2 class=\"elementor-heading-title elementor-size-default\"><span style=\"mso-fareast-language:LT\">Vetoquinol<\/span><\/h2>\t\t<\/div>\n\t\t\t\t<\/div>\n\t\t\t\t<div class=\"elementor-element elementor-element-d68ebb5 elementor-widget elementor-widget-text-editor\" data-id=\"d68ebb5\" data-element_type=\"widget\" data-widget_type=\"text-editor.default\">\n\t\t\t\t<div class=\"elementor-widget-container\">\n\t\t\t\t\t\t\t<p>Vetoquinol \u00a0&#8211; tai nepriklausoma \u0161eimos kompanija, palaikanti vertyb\u0117mis gr\u012fstus glaud\u017eius ry\u0161ius su veterinarijos gydytojais. De\u0161imtme\u010dius sukauptos patirties d\u0117ka puosel\u0117jami patikimi santykiai su savo klientais \u2013 veterinarijos gydytojais ir namini\u0173 gyv\u016bn\u0117li\u0173 savininkais, kurie pasitiki novatori\u0161kais produktais ir paslaugomis. Nuolatinio tobul\u0117jimo siekis u\u017etikrina, kad bendradarbiaudami su klientais kiekvien\u0105 dien\u0105 s\u0117kmingai atliekame Vetoquinol misij\u0105: u\u017etikrinti gyv\u016bn\u0173 ir \u017emoni\u0173 gerov\u0119.<\/p>\t\t\t\t\t\t<\/div>\n\t\t\t\t<\/div>\n\t\t\t\t\t<\/div>\n\t\t<\/div>\n\t\t\t\t<div class=\"elementor-column elementor-col-50 elementor-top-column elementor-element elementor-element-33c536d\" data-id=\"33c536d\" data-element_type=\"column\">\n\t\t\t<div class=\"elementor-widget-wrap elementor-element-populated\">\n\t\t\t\t\t\t\t\t<div class=\"elementor-element elementor-element-c9937f0 elementor-widget elementor-widget-image\" data-id=\"c9937f0\" data-element_type=\"widget\" data-widget_type=\"image.default\">\n\t\t\t\t<div class=\"elementor-widget-container\">\n\t\t\t\t\t\t\t\t\t\t\t\t\t\t\t<img loading=\"lazy\" decoding=\"async\" width=\"510\" height=\"383\" src=\"https:\/\/vetfarmas.lt\/wp-content\/uploads\/2023\/05\/Vetoquinol-510x383px-2.png\" class=\"attachment-full size-full wp-image-4979\" alt=\"\" srcset=\"https:\/\/vetfarmas.lt\/wp-content\/uploads\/2023\/05\/Vetoquinol-510x383px-2.png 510w, https:\/\/vetfarmas.lt\/wp-content\/uploads\/2023\/05\/Vetoquinol-510x383px-2-300x225.png 300w, https:\/\/vetfarmas.lt\/wp-content\/uploads\/2023\/05\/Vetoquinol-510x383px-2-200x150.png 200w\" sizes=\"auto, (max-width: 510px) 100vw, 510px\" \/>\t\t\t\t\t\t\t\t\t\t\t\t\t\t\t<\/div>\n\t\t\t\t<\/div>\n\t\t\t\t\t<\/div>\n\t\t<\/div>\n\t\t\t\t\t\t\t<\/div>\n\t\t<\/section>\n\t\t\t\t<section class=\"elementor-section elementor-top-section elementor-element elementor-element-6df7999 elementor-reverse-mobile elementor-section-boxed elementor-section-height-default elementor-section-height-default\" data-id=\"6df7999\" data-element_type=\"section\">\n\t\t\t\t\t\t<div class=\"elementor-container elementor-column-gap-default\">\n\t\t\t\t\t<div class=\"elementor-column elementor-col-50 elementor-top-column elementor-element elementor-element-0efd68a\" data-id=\"0efd68a\" data-element_type=\"column\">\n\t\t\t<div class=\"elementor-widget-wrap elementor-element-populated\">\n\t\t\t\t\t\t\t\t<div class=\"elementor-element elementor-element-da4f087 elementor-widget elementor-widget-image\" data-id=\"da4f087\" data-element_type=\"widget\" data-widget_type=\"image.default\">\n\t\t\t\t<div class=\"elementor-widget-container\">\n\t\t\t\t\t\t\t\t\t\t\t\t\t\t\t<img loading=\"lazy\" decoding=\"async\" width=\"510\" height=\"383\" src=\"https:\/\/vetfarmas.lt\/wp-content\/uploads\/2023\/05\/VEtocanis-510x383px-2.png\" class=\"attachment-full size-full wp-image-4983\" alt=\"\" srcset=\"https:\/\/vetfarmas.lt\/wp-content\/uploads\/2023\/05\/VEtocanis-510x383px-2.png 510w, https:\/\/vetfarmas.lt\/wp-content\/uploads\/2023\/05\/VEtocanis-510x383px-2-300x225.png 300w, https:\/\/vetfarmas.lt\/wp-content\/uploads\/2023\/05\/VEtocanis-510x383px-2-200x150.png 200w\" sizes=\"auto, (max-width: 510px) 100vw, 510px\" \/>\t\t\t\t\t\t\t\t\t\t\t\t\t\t\t<\/div>\n\t\t\t\t<\/div>\n\t\t\t\t\t<\/div>\n\t\t<\/div>\n\t\t\t\t<div class=\"elementor-column elementor-col-50 elementor-top-column elementor-element elementor-element-403e10c\" data-id=\"403e10c\" data-element_type=\"column\">\n\t\t\t<div class=\"elementor-widget-wrap elementor-element-populated\">\n\t\t\t\t\t\t\t\t<div class=\"elementor-element elementor-element-a92a913 elementor-widget elementor-widget-heading\" data-id=\"a92a913\" data-element_type=\"widget\" data-widget_type=\"heading.default\">\n\t\t\t\t<div class=\"elementor-widget-container\">\n\t\t\t<h2 class=\"elementor-heading-title elementor-size-default\"><span style=\"mso-fareast-language:LT\">Vetocanis<\/span><\/h2>\t\t<\/div>\n\t\t\t\t<\/div>\n\t\t\t\t<div class=\"elementor-element elementor-element-b10df83 elementor-widget elementor-widget-text-editor\" data-id=\"b10df83\" data-element_type=\"widget\" data-widget_type=\"text-editor.default\">\n\t\t\t\t<div class=\"elementor-widget-container\">\n\t\t\t\t\t\t\t<p>Vetocanis produktai padeda efektyviai ir saugiai pasir\u016bpinti savo augintiniu, su ypatingu r\u016bpestingumu atsi\u017evelgiant \u012f jo poreikius ir supan\u010dios aplinkos saugum\u0105.<\/p>\t\t\t\t\t\t<\/div>\n\t\t\t\t<\/div>\n\t\t\t\t\t<\/div>\n\t\t<\/div>\n\t\t\t\t\t\t\t<\/div>\n\t\t<\/section>\n\t\t\t\t<section class=\"elementor-section elementor-top-section elementor-element elementor-element-46986c5 elementor-section-boxed elementor-section-height-default elementor-section-height-default\" data-id=\"46986c5\" data-element_type=\"section\" data-settings=\"{&quot;background_background&quot;:&quot;classic&quot;}\">\n\t\t\t\t\t\t<div class=\"elementor-container elementor-column-gap-default\">\n\t\t\t\t\t<div class=\"elementor-column elementor-col-50 elementor-top-column elementor-element elementor-element-1b33293\" data-id=\"1b33293\" data-element_type=\"column\">\n\t\t\t<div class=\"elementor-widget-wrap elementor-element-populated\">\n\t\t\t\t\t\t\t\t<div class=\"elementor-element elementor-element-69e4318 elementor-widget elementor-widget-heading\" data-id=\"69e4318\" data-element_type=\"widget\" data-widget_type=\"heading.default\">\n\t\t\t\t<div class=\"elementor-widget-container\">\n\t\t\t<h2 class=\"elementor-heading-title elementor-size-default\"><span style=\"mso-fareast-language:LT\">Livisto<\/span><\/h2>\t\t<\/div>\n\t\t\t\t<\/div>\n\t\t\t\t<div class=\"elementor-element elementor-element-a92ba65 elementor-widget elementor-widget-text-editor\" data-id=\"a92ba65\" data-element_type=\"widget\" data-widget_type=\"text-editor.default\">\n\t\t\t\t<div class=\"elementor-widget-container\">\n\t\t\t\t\t\t\t<p>Pasaulin\u0117 vaist\u0173 gamintoja Livisto kuria ir gamina plat\u0173 produkt\u0173 asortiment\u0105 pagrindiniuose gyv\u016bn\u0173 sveikatos verslo segmentuose. Portfel\u012f sudaro auk\u0161tos kokyb\u0117s farmacijos ir mitybos produktai.<\/p>\t\t\t\t\t\t<\/div>\n\t\t\t\t<\/div>\n\t\t\t\t\t<\/div>\n\t\t<\/div>\n\t\t\t\t<div class=\"elementor-column elementor-col-50 elementor-top-column elementor-element elementor-element-f81ef54\" data-id=\"f81ef54\" data-element_type=\"column\">\n\t\t\t<div class=\"elementor-widget-wrap elementor-element-populated\">\n\t\t\t\t\t\t\t\t<div class=\"elementor-element elementor-element-2ff9c60 elementor-widget elementor-widget-image\" data-id=\"2ff9c60\" data-element_type=\"widget\" data-widget_type=\"image.default\">\n\t\t\t\t<div class=\"elementor-widget-container\">\n\t\t\t\t\t\t\t\t\t\t\t\t\t\t\t<img loading=\"lazy\" decoding=\"async\" width=\"510\" height=\"383\" src=\"https:\/\/vetfarmas.lt\/wp-content\/uploads\/2023\/05\/Livisto-510x383px-2.png\" class=\"attachment-full size-full wp-image-4988\" alt=\"\" srcset=\"https:\/\/vetfarmas.lt\/wp-content\/uploads\/2023\/05\/Livisto-510x383px-2.png 510w, https:\/\/vetfarmas.lt\/wp-content\/uploads\/2023\/05\/Livisto-510x383px-2-300x225.png 300w, https:\/\/vetfarmas.lt\/wp-content\/uploads\/2023\/05\/Livisto-510x383px-2-200x150.png 200w\" sizes=\"auto, (max-width: 510px) 100vw, 510px\" \/>\t\t\t\t\t\t\t\t\t\t\t\t\t\t\t<\/div>\n\t\t\t\t<\/div>\n\t\t\t\t\t<\/div>\n\t\t<\/div>\n\t\t\t\t\t\t\t<\/div>\n\t\t<\/section>\n\t\t\t\t<section class=\"elementor-section elementor-top-section elementor-element elementor-element-c7a164a elementor-section-boxed elementor-section-height-default elementor-section-height-default\" data-id=\"c7a164a\" data-element_type=\"section\">\n\t\t\t\t\t\t<div class=\"elementor-container elementor-column-gap-default\">\n\t\t\t\t\t<div class=\"elementor-column elementor-col-100 elementor-top-column elementor-element elementor-element-dc429a3\" data-id=\"dc429a3\" data-element_type=\"column\">\n\t\t\t<div class=\"elementor-widget-wrap elementor-element-populated\">\n\t\t\t\t\t\t\t\t<div class=\"elementor-element elementor-element-7bf3a54 elementor-widget elementor-widget-spacer\" data-id=\"7bf3a54\" data-element_type=\"widget\" data-widget_type=\"spacer.default\">\n\t\t\t\t<div class=\"elementor-widget-container\">\n\t\t\t<style>\/*! elementor - v3.13.3 - 28-05-2023 *\/\n.elementor-column .elementor-spacer-inner{height:var(--spacer-size)}.e-con{--container-widget-width:100%}.e-con-inner>.elementor-widget-spacer,.e-con>.elementor-widget-spacer{width:var(--container-widget-width,var(--spacer-size));--align-self:var(--container-widget-align-self,initial);--flex-shrink:0}.e-con-inner>.elementor-widget-spacer>.elementor-widget-container,.e-con-inner>.elementor-widget-spacer>.elementor-widget-container>.elementor-spacer,.e-con>.elementor-widget-spacer>.elementor-widget-container,.e-con>.elementor-widget-spacer>.elementor-widget-container>.elementor-spacer{height:100%}.e-con-inner>.elementor-widget-spacer>.elementor-widget-container>.elementor-spacer>.elementor-spacer-inner,.e-con>.elementor-widget-spacer>.elementor-widget-container>.elementor-spacer>.elementor-spacer-inner{height:var(--container-widget-height,var(--spacer-size))}<\/style>\t\t<div class=\"elementor-spacer\">\n\t\t\t<div class=\"elementor-spacer-inner\"><\/div>\n\t\t<\/div>\n\t\t\t\t<\/div>\n\t\t\t\t<\/div>\n\t\t\t\t\t<\/div>\n\t\t<\/div>\n\t\t\t\t\t\t\t<\/div>\n\t\t<\/section>\n\t\t\t\t\t\t\t<\/div>\n\t\t","protected":false},"excerpt":{"rendered":"<p>Veterinarijos vaistai Krka Farmacijos kompanija Krka Lietuvoje pristato plat\u0173 veterinarini\u0173 produkt\u0173 asortiment\u0105.\u00a0Krka yra viena i\u0161 lyderiaujan\u010di\u0173 generini\u0173 kompanij\u0173 pasaulyje, jau 60 met\u0173 tiekianti auk\u0161tos kokyb\u0117s, saugius ir efektyvius generinius vaistus. [&hellip;]<\/p>\n","protected":false},"author":1,"featured_media":0,"parent":0,"menu_order":0,"comment_status":"closed","ping_status":"closed","template":"elementor_header_footer","meta":{"footnotes":""},"class_list":["post-928","page","type-page","status-publish","hentry","rishi-post","no-post-thumbnail"],"rishi__cb_customizer_meta":"","_links":{"self":[{"href":"https:\/\/vetfarmas.lt\/index.php?rest_route=\/wp\/v2\/pages\/928","targetHints":{"allow":["GET"]}}],"collection":[{"href":"https:\/\/vetfarmas.lt\/index.php?rest_route=\/wp\/v2\/pages"}],"about":[{"href":"https:\/\/vetfarmas.lt\/index.php?rest_route=\/wp\/v2\/types\/page"}],"author":[{"embeddable":true,"href":"https:\/\/vetfarmas.lt\/index.php?rest_route=\/wp\/v2\/users\/1"}],"replies":[{"embeddable":true,"href":"https:\/\/vetfarmas.lt\/index.php?rest_route=%2Fwp%2Fv2%2Fcomments&post=928"}],"version-history":[{"count":56,"href":"https:\/\/vetfarmas.lt\/index.php?rest_route=\/wp\/v2\/pages\/928\/revisions"}],"predecessor-version":[{"id":6034,"href":"https:\/\/vetfarmas.lt\/index.php?rest_route=\/wp\/v2\/pages\/928\/revisions\/6034"}],"wp:attachment":[{"href":"https:\/\/vetfarmas.lt\/index.php?rest_route=%2Fwp%2Fv2%2Fmedia&parent=928"}],"curies":[{"name":"wp","href":"https:\/\/api.w.org\/{rel}","templated":true}]}}